{"id":919,"date":"2019-03-19T20:41:47","date_gmt":"2019-03-19T19:41:47","guid":{"rendered":"http:\/\/www.ccls.eu\/fr\/?page_id=919"},"modified":"2025-05-13T13:16:36","modified_gmt":"2025-05-13T12:16:36","slug":"la-revue-p-a-r-i-s-s","status":"publish","type":"page","link":"https:\/\/www.cecls.eu\/fr\/la-revue-p-a-r-i-s-s\/","title":{"rendered":"La revue P.A.R.I.S.S. &#8211; Political Anthropological Research on International Social Sciences"},"content":{"rendered":"<div id=\"pl-919\"  class=\"panel-layout\" ><div id=\"pg-919-0\"  class=\"panel-grid panel-no-style\" ><div id=\"pgc-919-0-0\"  class=\"panel-grid-cell\" ><div id=\"panel-919-0-0-0\" class=\"so-panel widget widget_sow-editor panel-first-child\" data-index=\"0\" ><div\n\t\t\t\n\t\t\tclass=\"so-widget-sow-editor so-widget-sow-editor-base\"\n\t\t\t\n\t\t>\n<div class=\"siteorigin-widget-tinymce textwidget\">\n\t<p style=\"text-align: justify;\"><span style=\"color: #000000;\"><a href=\"https:\/\/i0.wp.com\/www.cecls.eu\/fr\/wp-content\/uploads\/2019\/03\/ScreenHunter_882-Mar.-19-16.17.jpg\"><img data-attachment-id=\"923\" data-permalink=\"https:\/\/www.cecls.eu\/fr\/la-revue-p-a-r-i-s-s\/screenhunter_882-mar-19-16-17\/\" data-orig-file=\"https:\/\/i0.wp.com\/www.cecls.eu\/fr\/wp-content\/uploads\/2019\/03\/ScreenHunter_882-Mar.-19-16.17.jpg?fit=685%2C766&amp;ssl=1\" data-orig-size=\"685,766\" data-comments-opened=\"1\" data-image-meta=\"{&quot;aperture&quot;:&quot;0&quot;,&quot;credit&quot;:&quot;&quot;,&quot;camera&quot;:&quot;&quot;,&quot;caption&quot;:&quot;&quot;,&quot;created_timestamp&quot;:&quot;0&quot;,&quot;copyright&quot;:&quot;&quot;,&quot;focal_length&quot;:&quot;0&quot;,&quot;iso&quot;:&quot;0&quot;,&quot;shutter_speed&quot;:&quot;0&quot;,&quot;title&quot;:&quot;&quot;,&quot;orientation&quot;:&quot;0&quot;}\" data-image-title=\"PARISS\" data-image-description=\"\" data-image-caption=\"\" data-medium-file=\"https:\/\/i0.wp.com\/www.cecls.eu\/fr\/wp-content\/uploads\/2019\/03\/ScreenHunter_882-Mar.-19-16.17.jpg?fit=268%2C300&amp;ssl=1\" data-large-file=\"https:\/\/i0.wp.com\/www.cecls.eu\/fr\/wp-content\/uploads\/2019\/03\/ScreenHunter_882-Mar.-19-16.17.jpg?fit=685%2C766&amp;ssl=1\" data-recalc-dims=\"1\" loading=\"lazy\" decoding=\"async\" class=\"alignleft wp-image-923\" src=\"https:\/\/i0.wp.com\/www.cecls.eu\/fr\/wp-content\/uploads\/2019\/03\/ScreenHunter_882-Mar.-19-16.17.jpg?resize=300%2C335&#038;ssl=1\" alt=\"\" width=\"300\" height=\"335\" srcset=\"https:\/\/i0.wp.com\/www.cecls.eu\/fr\/wp-content\/uploads\/2019\/03\/ScreenHunter_882-Mar.-19-16.17.jpg?w=685&amp;ssl=1 685w, https:\/\/i0.wp.com\/www.cecls.eu\/fr\/wp-content\/uploads\/2019\/03\/ScreenHunter_882-Mar.-19-16.17.jpg?resize=160%2C179&amp;ssl=1 160w, https:\/\/i0.wp.com\/www.cecls.eu\/fr\/wp-content\/uploads\/2019\/03\/ScreenHunter_882-Mar.-19-16.17.jpg?resize=268%2C300&amp;ssl=1 268w\" sizes=\"auto, (max-width: 300px) 100vw, 300px\" \/><\/a><\/span><\/p>\n<\/div>\n<\/div><\/div><div id=\"panel-919-0-0-1\" class=\"so-panel widget widget_sow-editor panel-last-child\" data-index=\"1\" ><div class=\"panel-widget-style panel-widget-style-for-919-0-0-1\" ><div\n\t\t\t\n\t\t\tclass=\"so-widget-sow-editor so-widget-sow-editor-base\"\n\t\t\t\n\t\t>\n<div class=\"siteorigin-widget-tinymce textwidget\">\n\t<p><span style=\"color: #000000;\">P\u00e9riodicit\u00e9 : 2 n<sup>os<\/sup> \/ an<\/span><br \/>\n<span style=\"color: #000000;\">Langue: Anglais<\/span><br \/>\n<span style=\"color: #000000;\">ISSN : 2590-3276<\/span><\/p>\n<p><a title=\"&lt;br&gt;&lt;strong&gt;T\u00e9l\u00e9charger&lt;\/strong&gt; les Conseils aux auteurs - open in new window\" href=\"https:\/\/brill.com\/fileasset\/downloads_products\/Author_Instructions\/PARI.pdf\" target=\"_blank\" rel=\"noopener\"><strong>T\u00e9l\u00e9charger<\/strong> les Conseils aux auteurs<\/a> (PDF)<\/p>\n<p><span style=\"color: #000000;\">Contactez la revue:<\/span> <a href=\"mailto:parisseditorial@gmail.com\">parisseditorial@gmail.com<\/a><\/p>\n<\/div>\n<\/div><\/div><\/div><\/div><div id=\"pgc-919-0-1\"  class=\"panel-grid-cell\" ><div id=\"panel-919-0-1-0\" class=\"so-panel widget widget_sow-editor panel-first-child\" data-index=\"2\" ><div\n\t\t\t\n\t\t\tclass=\"so-widget-sow-editor so-widget-sow-editor-base\"\n\t\t\t\n\t\t>\n<div class=\"siteorigin-widget-tinymce textwidget\">\n\t<p style=\"text-align: justify;\"><span style=\"color: #000000;\"><strong><em>Political Anthropological Research on International Social Sciences (PARISS) <\/em><\/strong> est une revue bi-annuelle publi\u00e9e par <a title=\"Brill publishers - open in new window\" href=\"https:\/\/brill.com\/view\/journals\/pari\/pari-overview.xml?contents=editorialContent-34055\" target=\"_blank\" rel=\"noopener\">Brill publishers<\/a>, en coop\u00e9ration avec le Centre d\u2019Etudes sur les Conflits, Libert\u00e9 et S\u00e9curit\u00e9 (<a title=\"CECLS - open in new window\" href=\"http:\/\/www.cecls.eu\/fr\/\" target=\"_blank\" rel=\"noopener\">CECLS<\/a>). La revue <strong><span style=\"color: #000000;\">PARISS <\/span><\/strong>vise \u00e0 promouvoir une pluralit\u00e9 de mani\u00e8res de penser, de chercher et d'\u00e9crire, afin d'offrir un espace de publication aux auteurs contemporains des sciences sociales qui sont \u00e9galement originaires d'autres r\u00e9gions que les r\u00e9gions anglo-saxonnes. La revue encourage des contributions qui transcendent et traversent les disciplines, les cultures acad\u00e9miques et les styles d'\u00e9criture. <\/span><\/p>\n<p style=\"text-align: justify;\"><span style=\"color: #000000;\">PARISS accepte des articles \u00e9crits par un ou plusieurs auteurs (jusqu'\u00e0 trois auteurs) \u00e0 hauteur de 7000 \u00e0 11000 mots (notes comprises) ainsi que des textes collectifs (plus de trois auteurs, entre 10 000 et 25 000 mots, notes comprises), ainsi que des recensions d'ouvrages, des entretiens, des commentaires, et des articles de m\u00e9thodologie plus courts (jusqu'\u00e0 5000 mots).<\/span><span style=\"color: #000000;\"><br \/>\n<\/span><\/p>\n<p style=\"text-align: justify;\"><span style=\"color: #000000;\"><strong>Sujets\/domaines d'int\u00e9r\u00eat <\/strong>: Sciences sociales, Relations internationales, \u00e9tudes globales, sociologie et anthropologie, approches transdisciplinaires, arts &amp; humanit\u00e9s.<\/span><\/p>\n<\/div>\n<\/div><\/div><div id=\"panel-919-0-1-1\" class=\"so-panel widget widget_sow-editor panel-last-child\" data-index=\"3\" ><div\n\t\t\t\n\t\t\tclass=\"so-widget-sow-editor so-widget-sow-editor-base\"\n\t\t\t\n\t\t>\n<div class=\"siteorigin-widget-tinymce textwidget\">\n\t<h3><span style=\"color: #000000;\"><span class=\"creator-type-label\"><strong>R\u00e9dactrices\/teur en chef:\u00a0<\/strong><\/span><\/span><\/h3>\n<p style=\"text-align: justify;\"><span style=\"color: #000000; font-size: 12pt;\">Didier Bigo, <i>Sciences Po, Paris<\/i> (France)<\/span><br \/>\n<span style=\"color: #000000; font-size: 12pt;\">\u00c1kos Kopper, <i>E\u00f6tv\u00f6s Lor\u00e1nd University (ELTE)<\/i> (Hungary)<\/span><br \/>\n<span style=\"color: #000000; font-size: 12pt;\">Ivan Manokha, <i>University of Oxford<\/i> (UK)<\/span><br \/>\n<span style=\"color: #000000; font-size: 12pt;\">Emma McCluskey, <i>University of Westminster<\/i> (UK)<\/span><\/p>\n<\/div>\n<\/div><\/div><\/div><\/div><\/div>","protected":false},"excerpt":{"rendered":"<p>P\u00e9riodicit\u00e9 : 2 nos \/ an Langue: Anglais ISSN : 2590-3276 T\u00e9l\u00e9charger les Conseils aux auteurs (PDF) Contactez la revue: [&hellip;]<\/p>\n","protected":false},"author":1,"featured_media":0,"parent":0,"menu_order":0,"comment_status":"closed","ping_status":"closed","template":"page-templates\/page_fullwidth.php","meta":{"_acf_changed":false,"advanced_seo_description":"","jetpack_seo_html_title":"","jetpack_seo_noindex":false,"jetpack_post_was_ever_published":false,"footnotes":""},"class_list":["post-919","page","type-page","status-publish","hentry"],"acf":[],"jetpack_sharing_enabled":true,"jetpack_shortlink":"https:\/\/wp.me\/P9dRVv-eP","jetpack_likes_enabled":true,"jetpack-related-posts":[],"_links":{"self":[{"href":"https:\/\/www.cecls.eu\/fr\/wp-json\/wp\/v2\/pages\/919","targetHints":{"allow":["GET"]}}],"collection":[{"href":"https:\/\/www.cecls.eu\/fr\/wp-json\/wp\/v2\/pages"}],"about":[{"href":"https:\/\/www.cecls.eu\/fr\/wp-json\/wp\/v2\/types\/page"}],"author":[{"embeddable":true,"href":"https:\/\/www.cecls.eu\/fr\/wp-json\/wp\/v2\/users\/1"}],"replies":[{"embeddable":true,"href":"https:\/\/www.cecls.eu\/fr\/wp-json\/wp\/v2\/comments?post=919"}],"version-history":[{"count":52,"href":"https:\/\/www.cecls.eu\/fr\/wp-json\/wp\/v2\/pages\/919\/revisions"}],"predecessor-version":[{"id":1246,"href":"https:\/\/www.cecls.eu\/fr\/wp-json\/wp\/v2\/pages\/919\/revisions\/1246"}],"wp:attachment":[{"href":"https:\/\/www.cecls.eu\/fr\/wp-json\/wp\/v2\/media?parent=919"}],"curies":[{"name":"wp","href":"https:\/\/api.w.org\/{rel}","templated":true}]}}