{"id":524,"date":"2017-09-27T08:42:11","date_gmt":"2017-09-27T07:42:11","guid":{"rendered":"http:\/\/www.ccls.eu\/fr\/?page_id=524"},"modified":"2025-05-19T16:56:55","modified_gmt":"2025-05-19T15:56:55","slug":"presentation","status":"publish","type":"page","link":"https:\/\/www.cecls.eu\/fr\/","title":{"rendered":"Pr\u00e9sentation"},"content":{"rendered":"<div id=\"pl-524\"  class=\"panel-layout\" ><div id=\"pg-524-0\"  class=\"panel-grid panel-no-style\" ><div id=\"pgc-524-0-0\"  class=\"panel-grid-cell\" ><div id=\"panel-524-0-0-0\" class=\"so-panel widget widget_sow-editor panel-first-child panel-last-child\" data-index=\"0\" ><div class=\"panel-widget-style panel-widget-style-for-524-0-0-0\" ><div\n\t\t\t\n\t\t\tclass=\"so-widget-sow-editor so-widget-sow-editor-base\"\n\t\t\t\n\t\t>\n<div class=\"siteorigin-widget-tinymce textwidget\">\n\t<p style=\"text-align: justify;\"><span style=\"color: #000000;\">Le <em>Centre d\u2019Etudes sur les Conflits, libert\u00e9 et s\u00e9curit\u00e9<\/em> (CECLS) est une association loi 1901, cr\u00e9\u00e9e en 1990. <\/span><span style=\"color: #000000;\">CECLS se veut un lieu de confrontation intellectuelle entre politistes, internationalistes, sociologues, anthropologues, juristes, philosophes, historiens ou g\u00e9ographes.<\/span><\/p>\n<p><a href=\"https:\/\/www.cecls.eu\/fr\/lequipe\/\"><strong><span style=\"color: #0000ff;\"><span style=\"color: #3366ff;\">Rencontrer les membres du CECLS...<\/span><\/span><\/strong><\/a><\/p>\n<p style=\"text-align: justify;\"><span style=\"color: #000000;\">CECLS\u00a0 \u00e9dite la revue trimestrielle <a href=\"http:\/\/www.cecls.eu\/fr\/la-revue-cc\/\"><em>Cultures &amp; Conflits - Sociologie - Politique - International<\/em><\/a>, co-\u00e9dite avec Brill la <em><a href=\"https:\/\/www.cecls.eu\/fr\/la-revue-p-a-r-i-s-s\/\">revue PARISS<\/a><\/em>, dirige la collection <a href=\"http:\/\/www.cecls.eu\/fr\/collection-routledge\/\"><em>Routledge Studies in Liberty and Security<\/em>\u00a0<\/a>et est partenaire de la collection Peter Lang <a href=\"https:\/\/www.cecls.eu\/fr\/publications\/explosive-politics\/\"><em>Explosive Politics<\/em>. <\/a>CECLS organise \u00e9galement des tables-rondes, s\u00e9minaires et pr\u00e9sentations publiques.<\/span><\/p>\n<p><a href=\"https:\/\/www.cecls.eu\/fr\/publications\/\"><strong><span style=\"color: #0000ff;\"><span style=\"color: #3366ff;\">En savoir plus sur nos publications ...<\/span><\/span><\/strong><\/a><\/p>\n<p style=\"text-align: justify;\"><span style=\"color: #000000;\">Nos recherches portent sur les transformations sociales et la mani\u00e8re dont se construisent les ins\u00e9curit\u00e9s et les peurs, ainsi que sur les pratiques de gestion de la s\u00e9curit\u00e9. R\u00e9solument inscrit dans une perspective de Sociologie - Politique\u00a0 - International, les \u00e9tudes men\u00e9es au sein du Centre mettent l\u2019accent sur les dynamiques locales et transnationales, entrecroisant la connaissance intime des soci\u00e9t\u00e9s locales et des cultures sp\u00e9cifiques avec les conditions de stabilit\u00e9 de l\u2019ordre international. <\/span><span style=\"color: #000000;\">CECLS est tr\u00e8s impliqu\u00e9 dans les recherches consacr\u00e9es aux processus d\u2019europ\u00e9anisation dans le domaine de la s\u00e9curit\u00e9, comme en t\u00e9moignent nos publications. Le Centre participe en effet \u00e0 des programmes de recherche et r\u00e9alise des notes de consultance, des \u00e9tudes, des rapports pour diverses institutions en Europe.<\/span><\/p>\n<p><span style=\"color: #3366ff;\"><strong>En savoir plus sur nos recherches ...<\/strong><\/span><\/p>\n<p style=\"text-align: justify;\">\n<\/div>\n<\/div><\/div><\/div><\/div><\/div><\/div>","protected":false},"excerpt":{"rendered":"<p>Le Centre d\u2019Etudes sur les Conflits, libert\u00e9 et s\u00e9curit\u00e9 (CECLS) est une association loi 1901, cr\u00e9\u00e9e en 1990. CECLS se [&hellip;]<\/p>\n","protected":false},"author":1,"featured_media":0,"parent":0,"menu_order":0,"comment_status":"closed","ping_status":"closed","template":"","meta":{"_acf_changed":false,"advanced_seo_description":"","jetpack_seo_html_title":"","jetpack_seo_noindex":false,"jetpack_post_was_ever_published":false,"footnotes":""},"class_list":["post-524","page","type-page","status-publish","hentry"],"acf":[],"jetpack_sharing_enabled":false,"jetpack_shortlink":"https:\/\/wp.me\/P9dRVv-8s","jetpack_likes_enabled":false,"jetpack-related-posts":[],"_links":{"self":[{"href":"https:\/\/www.cecls.eu\/fr\/wp-json\/wp\/v2\/pages\/524","targetHints":{"allow":["GET"]}}],"collection":[{"href":"https:\/\/www.cecls.eu\/fr\/wp-json\/wp\/v2\/pages"}],"about":[{"href":"https:\/\/www.cecls.eu\/fr\/wp-json\/wp\/v2\/types\/page"}],"author":[{"embeddable":true,"href":"https:\/\/www.cecls.eu\/fr\/wp-json\/wp\/v2\/users\/1"}],"replies":[{"embeddable":true,"href":"https:\/\/www.cecls.eu\/fr\/wp-json\/wp\/v2\/comments?post=524"}],"version-history":[{"count":71,"href":"https:\/\/www.cecls.eu\/fr\/wp-json\/wp\/v2\/pages\/524\/revisions"}],"predecessor-version":[{"id":1381,"href":"https:\/\/www.cecls.eu\/fr\/wp-json\/wp\/v2\/pages\/524\/revisions\/1381"}],"wp:attachment":[{"href":"https:\/\/www.cecls.eu\/fr\/wp-json\/wp\/v2\/media?parent=524"}],"curies":[{"name":"wp","href":"https:\/\/api.w.org\/{rel}","templated":true}]}}