{"id":521,"date":"2017-09-27T08:39:32","date_gmt":"2017-09-27T07:39:32","guid":{"rendered":"http:\/\/www.ccls.eu\/fr\/?page_id=521"},"modified":"2025-07-21T07:48:18","modified_gmt":"2025-07-21T06:48:18","slug":"collection-routledge","status":"publish","type":"page","link":"https:\/\/www.cecls.eu\/fr\/collection-routledge\/","title":{"rendered":""},"content":{"rendered":"<div id=\"pl-521\"  class=\"panel-layout\" ><div id=\"pg-521-0\"  class=\"panel-grid panel-no-style\" ><div id=\"pgc-521-0-0\"  class=\"panel-grid-cell\" ><div id=\"panel-521-0-0-0\" class=\"so-panel widget widget_sow-editor panel-first-child panel-last-child\" data-index=\"0\" ><div\n\t\t\t\n\t\t\tclass=\"so-widget-sow-editor so-widget-sow-editor-base\"\n\t\t\t\n\t\t>\n<div class=\"siteorigin-widget-tinymce textwidget\">\n\t<h2><span style=\"color: #000000;\">Routledge Studies in Liberty and Security<\/span><\/h2>\n<p style=\"text-align: justify;\"><span style=\"color: #000000;\">Depuis 2008, la collection <em>Routledge Studies in Liberty and Security<\/em> \u00e9tablit des liens entre les \u00e9tudes critiques sur la s\u00e9curit\u00e9 et les relations internationales, d'une part, et les \u00e9tudes sur la surveillance, la criminologie, le droit et les droits de l'homme, la sociologie politique et la th\u00e9orie politique, d'autre part. Pour analyser les limites des concepts de libert\u00e9 et de s\u00e9curit\u00e9, les pratiques qui y sont associ\u00e9es (souvent les m\u00eames pratiques) seront au c\u0153ur de la s\u00e9rie. Ces enqu\u00eates abordent des questions contemporaines \u00e9clair\u00e9es par l'histoire, la th\u00e9orie politique et une r\u00e9flexion sur l'ordre international actuel.<\/span><\/p>\n<div class=\"panel-crc col-xs-12\">\n<div class=\"panel-body row\">\n<h3><span style=\"color: #000000;\">Les derniers ouvrages parus dans la collection:<\/span><\/h3>\n<p><a href=\"https:\/\/i0.wp.com\/www.cecls.eu\/fr\/wp-content\/uploads\/2025\/05\/9781032765211.webp?ssl=1\"><img data-attachment-id=\"1063\" data-permalink=\"https:\/\/www.cecls.eu\/fr\/collection-routledge\/attachment\/9781032765211\/\" data-orig-file=\"https:\/\/i0.wp.com\/www.cecls.eu\/fr\/wp-content\/uploads\/2025\/05\/9781032765211.webp?fit=350%2C560&amp;ssl=1\" data-orig-size=\"350,560\" data-comments-opened=\"1\" data-image-meta=\"{&quot;aperture&quot;:&quot;0&quot;,&quot;credit&quot;:&quot;&quot;,&quot;camera&quot;:&quot;&quot;,&quot;caption&quot;:&quot;&quot;,&quot;created_timestamp&quot;:&quot;0&quot;,&quot;copyright&quot;:&quot;&quot;,&quot;focal_length&quot;:&quot;0&quot;,&quot;iso&quot;:&quot;0&quot;,&quot;shutter_speed&quot;:&quot;0&quot;,&quot;title&quot;:&quot;&quot;,&quot;orientation&quot;:&quot;0&quot;}\" data-image-title=\"9781032765211\" data-image-description=\"\" data-image-caption=\"\" data-medium-file=\"https:\/\/i0.wp.com\/www.cecls.eu\/fr\/wp-content\/uploads\/2025\/05\/9781032765211.webp?fit=188%2C300&amp;ssl=1\" data-large-file=\"https:\/\/i0.wp.com\/www.cecls.eu\/fr\/wp-content\/uploads\/2025\/05\/9781032765211.webp?fit=350%2C560&amp;ssl=1\" data-recalc-dims=\"1\" loading=\"lazy\" decoding=\"async\" class=\"alignleft size-thumbnail wp-image-1063\" src=\"https:\/\/i0.wp.com\/www.cecls.eu\/fr\/wp-content\/uploads\/2025\/05\/9781032765211.webp?resize=160%2C256&#038;ssl=1\" alt=\"\" width=\"160\" height=\"256\" srcset=\"https:\/\/i0.wp.com\/www.cecls.eu\/fr\/wp-content\/uploads\/2025\/05\/9781032765211.webp?resize=160%2C256&amp;ssl=1 160w, https:\/\/i0.wp.com\/www.cecls.eu\/fr\/wp-content\/uploads\/2025\/05\/9781032765211.webp?resize=188%2C300&amp;ssl=1 188w, https:\/\/i0.wp.com\/www.cecls.eu\/fr\/wp-content\/uploads\/2025\/05\/9781032765211.webp?w=350&amp;ssl=1 350w\" sizes=\"auto, (max-width: 160px) 100vw, 160px\" \/><\/a><a href=\"https:\/\/i0.wp.com\/www.cecls.eu\/fr\/wp-content\/uploads\/2025\/05\/9781032544069.jpg?ssl=1\"><img data-attachment-id=\"1066\" data-permalink=\"https:\/\/www.cecls.eu\/fr\/collection-routledge\/attachment\/9781032544069\/\" data-orig-file=\"https:\/\/i0.wp.com\/www.cecls.eu\/fr\/wp-content\/uploads\/2025\/05\/9781032544069.jpg?fit=350%2C536&amp;ssl=1\" data-orig-size=\"350,536\" data-comments-opened=\"1\" data-image-meta=\"{&quot;aperture&quot;:&quot;0&quot;,&quot;credit&quot;:&quot;&quot;,&quot;camera&quot;:&quot;&quot;,&quot;caption&quot;:&quot;&quot;,&quot;created_timestamp&quot;:&quot;0&quot;,&quot;copyright&quot;:&quot;&quot;,&quot;focal_length&quot;:&quot;0&quot;,&quot;iso&quot;:&quot;0&quot;,&quot;shutter_speed&quot;:&quot;0&quot;,&quot;title&quot;:&quot;&quot;,&quot;orientation&quot;:&quot;0&quot;}\" data-image-title=\"Monitoring border\" data-image-description=\"\" data-image-caption=\"\" data-medium-file=\"https:\/\/i0.wp.com\/www.cecls.eu\/fr\/wp-content\/uploads\/2025\/05\/9781032544069.jpg?fit=196%2C300&amp;ssl=1\" data-large-file=\"https:\/\/i0.wp.com\/www.cecls.eu\/fr\/wp-content\/uploads\/2025\/05\/9781032544069.jpg?fit=350%2C536&amp;ssl=1\" data-recalc-dims=\"1\" loading=\"lazy\" decoding=\"async\" class=\"alignleft size-thumbnail wp-image-1066\" src=\"https:\/\/i0.wp.com\/www.cecls.eu\/fr\/wp-content\/uploads\/2025\/05\/9781032544069.jpg?resize=160%2C245&#038;ssl=1\" alt=\"\" width=\"160\" height=\"245\" srcset=\"https:\/\/i0.wp.com\/www.cecls.eu\/fr\/wp-content\/uploads\/2025\/05\/9781032544069.jpg?resize=160%2C245&amp;ssl=1 160w, https:\/\/i0.wp.com\/www.cecls.eu\/fr\/wp-content\/uploads\/2025\/05\/9781032544069.jpg?resize=196%2C300&amp;ssl=1 196w, https:\/\/i0.wp.com\/www.cecls.eu\/fr\/wp-content\/uploads\/2025\/05\/9781032544069.jpg?w=350&amp;ssl=1 350w\" sizes=\"auto, (max-width: 160px) 100vw, 160px\" \/><\/a><a href=\"https:\/\/i0.wp.com\/www.cecls.eu\/fr\/wp-content\/uploads\/2025\/05\/9780367528201.webp?ssl=1\"><img data-attachment-id=\"1077\" data-permalink=\"https:\/\/www.cecls.eu\/fr\/collection-routledge\/attachment\/9780367528201\/\" data-orig-file=\"https:\/\/i0.wp.com\/www.cecls.eu\/fr\/wp-content\/uploads\/2025\/05\/9780367528201.webp?fit=350%2C535&amp;ssl=1\" data-orig-size=\"350,535\" data-comments-opened=\"1\" data-image-meta=\"{&quot;aperture&quot;:&quot;0&quot;,&quot;credit&quot;:&quot;&quot;,&quot;camera&quot;:&quot;&quot;,&quot;caption&quot;:&quot;&quot;,&quot;created_timestamp&quot;:&quot;0&quot;,&quot;copyright&quot;:&quot;&quot;,&quot;focal_length&quot;:&quot;0&quot;,&quot;iso&quot;:&quot;0&quot;,&quot;shutter_speed&quot;:&quot;0&quot;,&quot;title&quot;:&quot;&quot;,&quot;orientation&quot;:&quot;0&quot;}\" data-image-title=\"9780367528201\" data-image-description=\"\" data-image-caption=\"\" data-medium-file=\"https:\/\/i0.wp.com\/www.cecls.eu\/fr\/wp-content\/uploads\/2025\/05\/9780367528201.webp?fit=196%2C300&amp;ssl=1\" data-large-file=\"https:\/\/i0.wp.com\/www.cecls.eu\/fr\/wp-content\/uploads\/2025\/05\/9780367528201.webp?fit=350%2C535&amp;ssl=1\" data-recalc-dims=\"1\" loading=\"lazy\" decoding=\"async\" class=\"alignleft size-thumbnail wp-image-1077\" src=\"https:\/\/i0.wp.com\/www.cecls.eu\/fr\/wp-content\/uploads\/2025\/05\/9780367528201.webp?resize=160%2C245&#038;ssl=1\" alt=\"\" width=\"160\" height=\"245\" srcset=\"https:\/\/i0.wp.com\/www.cecls.eu\/fr\/wp-content\/uploads\/2025\/05\/9780367528201.webp?resize=160%2C245&amp;ssl=1 160w, https:\/\/i0.wp.com\/www.cecls.eu\/fr\/wp-content\/uploads\/2025\/05\/9780367528201.webp?resize=196%2C300&amp;ssl=1 196w, https:\/\/i0.wp.com\/www.cecls.eu\/fr\/wp-content\/uploads\/2025\/05\/9780367528201.webp?w=350&amp;ssl=1 350w\" sizes=\"auto, (max-width: 160px) 100vw, 160px\" \/><\/a><a href=\"https:\/\/i0.wp.com\/www.cecls.eu\/fr\/wp-content\/uploads\/2025\/05\/9780367173654.webp?ssl=1\"><img data-attachment-id=\"1078\" data-permalink=\"https:\/\/www.cecls.eu\/fr\/collection-routledge\/attachment\/9780367173654\/\" data-orig-file=\"https:\/\/i0.wp.com\/www.cecls.eu\/fr\/wp-content\/uploads\/2025\/05\/9780367173654.webp?fit=350%2C535&amp;ssl=1\" data-orig-size=\"350,535\" data-comments-opened=\"1\" data-image-meta=\"{&quot;aperture&quot;:&quot;0&quot;,&quot;credit&quot;:&quot;&quot;,&quot;camera&quot;:&quot;&quot;,&quot;caption&quot;:&quot;&quot;,&quot;created_timestamp&quot;:&quot;0&quot;,&quot;copyright&quot;:&quot;&quot;,&quot;focal_length&quot;:&quot;0&quot;,&quot;iso&quot;:&quot;0&quot;,&quot;shutter_speed&quot;:&quot;0&quot;,&quot;title&quot;:&quot;&quot;,&quot;orientation&quot;:&quot;0&quot;}\" data-image-title=\"9780367173654\" data-image-description=\"\" data-image-caption=\"\" data-medium-file=\"https:\/\/i0.wp.com\/www.cecls.eu\/fr\/wp-content\/uploads\/2025\/05\/9780367173654.webp?fit=196%2C300&amp;ssl=1\" data-large-file=\"https:\/\/i0.wp.com\/www.cecls.eu\/fr\/wp-content\/uploads\/2025\/05\/9780367173654.webp?fit=350%2C535&amp;ssl=1\" data-recalc-dims=\"1\" loading=\"lazy\" decoding=\"async\" class=\"alignleft size-thumbnail wp-image-1078\" src=\"https:\/\/i0.wp.com\/www.cecls.eu\/fr\/wp-content\/uploads\/2025\/05\/9780367173654.webp?resize=160%2C245&#038;ssl=1\" alt=\"\" width=\"160\" height=\"245\" srcset=\"https:\/\/i0.wp.com\/www.cecls.eu\/fr\/wp-content\/uploads\/2025\/05\/9780367173654.webp?resize=160%2C245&amp;ssl=1 160w, https:\/\/i0.wp.com\/www.cecls.eu\/fr\/wp-content\/uploads\/2025\/05\/9780367173654.webp?resize=196%2C300&amp;ssl=1 196w, https:\/\/i0.wp.com\/www.cecls.eu\/fr\/wp-content\/uploads\/2025\/05\/9780367173654.webp?w=350&amp;ssl=1 350w\" sizes=\"auto, (max-width: 160px) 100vw, 160px\" \/><\/a><\/p>\n<p>&nbsp;<\/p>\n<p>&nbsp;<\/p>\n<p>&nbsp;<\/p>\n<p>&nbsp;<\/p>\n<p>&nbsp;<\/p>\n<p>&nbsp;<\/p>\n<div class=\"panel-header row\"><\/div>\n<div class=\"panel-body row\"><\/div>\n<p>&nbsp;<\/p>\n<\/div>\n<\/div>\n<\/div>\n<\/div><\/div><\/div><\/div><\/div>","protected":false},"excerpt":{"rendered":"<p>Routledge Studies in Liberty and Security Depuis 2008, la collection Routledge Studies in Liberty and Security \u00e9tablit des liens entre [&hellip;]<\/p>\n","protected":false},"author":1,"featured_media":0,"parent":0,"menu_order":0,"comment_status":"closed","ping_status":"closed","template":"page-templates\/page_fullwidth.php","meta":{"_acf_changed":false,"advanced_seo_description":"","jetpack_seo_html_title":"","jetpack_seo_noindex":false,"jetpack_post_was_ever_published":false,"footnotes":""},"class_list":["post-521","page","type-page","status-publish","hentry"],"acf":[],"jetpack_sharing_enabled":true,"jetpack_shortlink":"https:\/\/wp.me\/P9dRVv-8p","jetpack_likes_enabled":true,"jetpack-related-posts":[],"_links":{"self":[{"href":"https:\/\/www.cecls.eu\/fr\/wp-json\/wp\/v2\/pages\/521","targetHints":{"allow":["GET"]}}],"collection":[{"href":"https:\/\/www.cecls.eu\/fr\/wp-json\/wp\/v2\/pages"}],"about":[{"href":"https:\/\/www.cecls.eu\/fr\/wp-json\/wp\/v2\/types\/page"}],"author":[{"embeddable":true,"href":"https:\/\/www.cecls.eu\/fr\/wp-json\/wp\/v2\/users\/1"}],"replies":[{"embeddable":true,"href":"https:\/\/www.cecls.eu\/fr\/wp-json\/wp\/v2\/comments?post=521"}],"version-history":[{"count":46,"href":"https:\/\/www.cecls.eu\/fr\/wp-json\/wp\/v2\/pages\/521\/revisions"}],"predecessor-version":[{"id":1434,"href":"https:\/\/www.cecls.eu\/fr\/wp-json\/wp\/v2\/pages\/521\/revisions\/1434"}],"wp:attachment":[{"href":"https:\/\/www.cecls.eu\/fr\/wp-json\/wp\/v2\/media?parent=521"}],"curies":[{"name":"wp","href":"https:\/\/api.w.org\/{rel}","templated":true}]}}