{"id":515,"date":"2017-09-27T08:37:53","date_gmt":"2017-09-27T07:37:53","guid":{"rendered":"http:\/\/www.ccls.eu\/fr\/?page_id=515"},"modified":"2025-05-13T13:16:36","modified_gmt":"2025-05-13T12:16:36","slug":"soutenir-ccls","status":"publish","type":"page","link":"https:\/\/www.cecls.eu\/fr\/soutenir-ccls\/","title":{"rendered":"Soutenir CECLS"},"content":{"rendered":"<div id=\"pl-515\"  class=\"panel-layout\" ><div id=\"pg-515-0\"  class=\"panel-grid panel-has-style\" ><div class=\"siteorigin-panels-stretch panel-row-style panel-row-style-for-515-0\" data-stretch-type=\"full\" ><div id=\"pgc-515-0-0\"  class=\"panel-grid-cell\" ><div id=\"panel-515-0-0-0\" class=\"so-panel widget widget_sow-features panel-first-child panel-last-child\" data-index=\"0\" ><div\n\t\t\t\n\t\t\tclass=\"so-widget-sow-features so-widget-sow-features-default-1f6c718feeed-515\"\n\t\t\t\n\t\t><ul\n\tclass=\"sow-features-list\n\tsow-features-responsive\">\n\n\t\t\t<li\n\t\t\tclass=\"sow-features-feature sow-icon-container-position-top\"\n\t\t\tstyle=\"display: flex; flex-direction: column; width: calc(33.333% - 25px);\"\n\t\t>\n\t\t\t\n\t\t\t\t\t\t<div\n\t\t\t\tclass=\"sow-icon-container sow-container-none\"\n\t\t\t\tstyle=\"color: ; \"\n\t\t\t\ttitle=\"Relais r\u00e9seaux sociaux\"\t\t\t>\n\t\t\t\t<span class=\"sow-icon-elegantline\" data-sow-icon=\"&#xe049;\"\n\t\tstyle=\"font-size: 48px; color: #1e73be\" \n\t\taria-hidden=\"true\"><\/span>\t\t\t<\/div>\n\t\t\t\n\t\t\t<div class=\"textwidget\">\n\t\t\t\t\n\t\t\t\t\n\t\t\t\t\t\t\t\t\t<div class=\"sow-features-feature-text\">\n\t\t\t\t\t<p>Vous pouvez aussi nous aider en relayant sur les r\u00e9seaux sociaux ou dans vos r\u00e9seaux professionnels les articles que vous avez appr\u00e9ci\u00e9s.<\/p>\n\t\t\t\t\t<\/div>\n\t\t\t\t\t\t\t\t<\/div>\n\t\t\t\t\t\t\t\t<\/li>\n\n\t\t\t<li\n\t\t\tclass=\"sow-features-feature sow-icon-container-position-top\"\n\t\t\tstyle=\"display: flex; flex-direction: column; width: calc(33.333% - 25px);\"\n\t\t>\n\t\t\t\n\t\t\t\t\t\t<div\n\t\t\t\tclass=\"sow-icon-container sow-container-none\"\n\t\t\t\tstyle=\"color: ; \"\n\t\t\t\ttitle=\"Abonnements\"\t\t\t>\n\t\t\t\t<span class=\"sow-icon-elegantline\" data-sow-icon=\"&#xe039;\"\n\t\tstyle=\"font-size: 48px; color: #1e73be\" \n\t\taria-hidden=\"true\"><\/span>\t\t\t<\/div>\n\t\t\t\n\t\t\t<div class=\"textwidget\">\n\t\t\t\t\n\t\t\t\t\n\t\t\t\t\t\t\t\t\t<div class=\"sow-features-feature-text\">\n\t\t\t\t\t<p>Abonnez-vous, acheter des num\u00e9ros de nos revues, des articles disponibles sur Cairn, Jstor, c\u2019est soutenir concr\u00e8tement notre travail.<\/p>\n\t\t\t\t\t<\/div>\n\t\t\t\t\t\t\t\t<\/div>\n\t\t\t\t\t\t\t\t<\/li>\n\n\t\t\t<li\n\t\t\tclass=\"sow-features-feature sow-icon-container-position-top\"\n\t\t\tstyle=\"display: flex; flex-direction: column; width: calc(33.333% - 25px);\"\n\t\t>\n\t\t\t\n\t\t\t\t\t\t<div\n\t\t\t\tclass=\"sow-icon-container sow-container-none\"\n\t\t\t\tstyle=\"color: ; \"\n\t\t\t\ttitle=\"Don\"\t\t\t>\n\t\t\t\t<span class=\"sow-icon-elegantline\" data-sow-icon=\"&#xe056;\"\n\t\tstyle=\"font-size: 48px; color: #1e73be\" \n\t\taria-hidden=\"true\"><\/span>\t\t\t<\/div>\n\t\t\t\n\t\t\t<div class=\"textwidget\">\n\t\t\t\t\n\t\t\t\t\n\t\t\t\t\t\t\t\t\t<div class=\"sow-features-feature-text\">\n\t\t\t\t\t<p>Vous pouvez aussi faire un don afin de soutenir notre travail.<\/p>\n\t\t\t\t\t<\/div>\n\t\t\t\t\t\t\t\t<\/div>\n\t\t\t\t\t\t\t\t<\/li>\n\n\t<\/ul>\n<\/div><\/div><\/div><\/div><\/div><\/div>","protected":false},"excerpt":{"rendered":"<p>Vous pouvez aussi nous aider en relayant sur les r\u00e9seaux sociaux ou dans vos r\u00e9seaux professionnels les articles que vous [&hellip;]<\/p>\n","protected":false},"author":1,"featured_media":0,"parent":0,"menu_order":0,"comment_status":"closed","ping_status":"closed","template":"","meta":{"_acf_changed":false,"advanced_seo_description":"","jetpack_seo_html_title":"","jetpack_seo_noindex":false,"jetpack_post_was_ever_published":false,"footnotes":""},"class_list":["post-515","page","type-page","status-publish","hentry"],"acf":[],"jetpack_sharing_enabled":true,"jetpack_shortlink":"https:\/\/wp.me\/P9dRVv-8j","jetpack_likes_enabled":true,"jetpack-related-posts":[],"_links":{"self":[{"href":"https:\/\/www.cecls.eu\/fr\/wp-json\/wp\/v2\/pages\/515","targetHints":{"allow":["GET"]}}],"collection":[{"href":"https:\/\/www.cecls.eu\/fr\/wp-json\/wp\/v2\/pages"}],"about":[{"href":"https:\/\/www.cecls.eu\/fr\/wp-json\/wp\/v2\/types\/page"}],"author":[{"embeddable":true,"href":"https:\/\/www.cecls.eu\/fr\/wp-json\/wp\/v2\/users\/1"}],"replies":[{"embeddable":true,"href":"https:\/\/www.cecls.eu\/fr\/wp-json\/wp\/v2\/comments?post=515"}],"version-history":[{"count":18,"href":"https:\/\/www.cecls.eu\/fr\/wp-json\/wp\/v2\/pages\/515\/revisions"}],"predecessor-version":[{"id":1281,"href":"https:\/\/www.cecls.eu\/fr\/wp-json\/wp\/v2\/pages\/515\/revisions\/1281"}],"wp:attachment":[{"href":"https:\/\/www.cecls.eu\/fr\/wp-json\/wp\/v2\/media?parent=515"}],"curies":[{"name":"wp","href":"https:\/\/api.w.org\/{rel}","templated":true}]}}