{"id":512,"date":"2017-09-27T08:36:13","date_gmt":"2017-09-27T07:36:13","guid":{"rendered":"http:\/\/www.ccls.eu\/fr\/?page_id=512"},"modified":"2025-05-13T13:16:36","modified_gmt":"2025-05-13T12:16:36","slug":"recherche","status":"publish","type":"page","link":"https:\/\/www.cecls.eu\/fr\/recherche\/","title":{"rendered":"Recherche"},"content":{"rendered":"<div id=\"pl-512\"  class=\"panel-layout\" ><div id=\"pg-512-0\"  class=\"panel-grid panel-no-style\" ><div id=\"pgc-512-0-0\"  class=\"panel-grid-cell\" ><div id=\"panel-512-0-0-0\" class=\"so-panel widget widget_sow-editor panel-first-child panel-last-child\" data-index=\"0\" ><div\n\t\t\t\n\t\t\tclass=\"so-widget-sow-editor so-widget-sow-editor-base\"\n\t\t\t\n\t\t>\n<div class=\"siteorigin-widget-tinymce textwidget\">\n\t<p style=\"text-align: justify;\"><span style=\"color: #000000;\">Nos recherches portent sur les transformations sociales et la mani\u00e8re dont se construisent les ins\u00e9curit\u00e9s et les peurs, ainsi que sur les pratiques de gestion de la s\u00e9curit\u00e9. <\/span><\/p>\n<p style=\"text-align: justify;\"><span style=\"color: #000000;\">CECLS produit des <a href=\"https:\/\/www.cecls.eu\/fr\/etudes\/\">\u00e9tudes<\/a> pour le Parlement Europ\u00e9en et nombreuses autres institutions nationales ou europ\u00e9ennes, sur les th\u00e8mes suivants\u00a0:<\/span><\/p>\n<ul style=\"list-style-type: square; text-align: justify;\">\n<li style=\"text-align: justify;\"><span style=\"color: #000000;\">terrorisme et antiterrorisme<\/span><\/li>\n<li style=\"text-align: justify;\"><span style=\"color: #000000;\">Crime organis\u00e9 transnational<\/span><\/li>\n<li style=\"text-align: justify;\"><span style=\"color: #000000;\">Cybercrime<\/span><\/li>\n<li style=\"text-align: justify;\"><span style=\"color: #000000;\">Coop\u00e9ration judiciaire et polici\u00e8re<\/span><\/li>\n<li style=\"text-align: justify;\"><span style=\"color: #000000;\">Les processus d\u2019europ\u00e9anisation et les fronti\u00e8res europ\u00e9ennes<\/span><\/li>\n<li style=\"text-align: justify;\"><span style=\"color: #000000;\">Les politiques d\u2019immigration et les relations ext\u00e9rieures de l\u2019UE<\/span><\/li>\n<li style=\"text-align: justify;\"><span style=\"color: #000000;\">La protection des libert\u00e9s civiles et des donn\u00e9es personnelles<\/span><\/li>\n<li style=\"text-align: justify;\"><span style=\"color: #000000;\">Les questions de s\u00e9curit\u00e9 int\u00e9rieure, les rapports aux technologies et la gestion des sorties de crise.<\/span><\/li>\n<\/ul>\n<p style=\"text-align: justify;\"><span style=\"color: #000000;\">CECLS a \u00e9t\u00e9 aussi partenaire actif dans de nombreux <a href=\"https:\/\/www.cecls.eu\/fr\/programmes-cadres-de-recherche\/\">Programmes-cadres de recherche europ\u00e9ens.<\/a><\/span><\/p>\n<\/div>\n<\/div><\/div><\/div><\/div><\/div>","protected":false},"excerpt":{"rendered":"<p>Nos recherches portent sur les transformations sociales et la mani\u00e8re dont se construisent les ins\u00e9curit\u00e9s et les peurs, ainsi que [&hellip;]<\/p>\n","protected":false},"author":1,"featured_media":0,"parent":0,"menu_order":0,"comment_status":"closed","ping_status":"closed","template":"","meta":{"_acf_changed":false,"advanced_seo_description":"","jetpack_seo_html_title":"","jetpack_seo_noindex":false,"jetpack_post_was_ever_published":false,"footnotes":""},"class_list":["post-512","page","type-page","status-publish","hentry"],"acf":[],"jetpack_sharing_enabled":true,"jetpack_shortlink":"https:\/\/wp.me\/P9dRVv-8g","jetpack_likes_enabled":true,"jetpack-related-posts":[],"_links":{"self":[{"href":"https:\/\/www.cecls.eu\/fr\/wp-json\/wp\/v2\/pages\/512","targetHints":{"allow":["GET"]}}],"collection":[{"href":"https:\/\/www.cecls.eu\/fr\/wp-json\/wp\/v2\/pages"}],"about":[{"href":"https:\/\/www.cecls.eu\/fr\/wp-json\/wp\/v2\/types\/page"}],"author":[{"embeddable":true,"href":"https:\/\/www.cecls.eu\/fr\/wp-json\/wp\/v2\/users\/1"}],"replies":[{"embeddable":true,"href":"https:\/\/www.cecls.eu\/fr\/wp-json\/wp\/v2\/comments?post=512"}],"version-history":[{"count":36,"href":"https:\/\/www.cecls.eu\/fr\/wp-json\/wp\/v2\/pages\/512\/revisions"}],"predecessor-version":[{"id":1303,"href":"https:\/\/www.cecls.eu\/fr\/wp-json\/wp\/v2\/pages\/512\/revisions\/1303"}],"wp:attachment":[{"href":"https:\/\/www.cecls.eu\/fr\/wp-json\/wp\/v2\/media?parent=512"}],"curies":[{"name":"wp","href":"https:\/\/api.w.org\/{rel}","templated":true}]}}