{"id":502,"date":"2017-09-27T08:34:04","date_gmt":"2017-09-27T07:34:04","guid":{"rendered":"http:\/\/www.ccls.eu\/fr\/?page_id=502"},"modified":"2025-05-07T12:18:07","modified_gmt":"2025-05-07T11:18:07","slug":"publications","status":"publish","type":"page","link":"https:\/\/www.cecls.eu\/fr\/publications\/","title":{"rendered":"Publications"},"content":{"rendered":"<div id=\"pl-502\"  class=\"panel-layout\" ><div id=\"pg-502-0\"  class=\"panel-grid panel-no-style\" ><div id=\"pgc-502-0-0\"  class=\"panel-grid-cell\" ><div id=\"panel-502-0-0-0\" class=\"so-panel widget widget_sow-editor panel-first-child panel-last-child\" data-index=\"0\" ><div\n\t\t\t\n\t\t\tclass=\"so-widget-sow-editor so-widget-sow-editor-base\"\n\t\t\t\n\t\t>\n<div class=\"siteorigin-widget-tinymce textwidget\">\n\t<p><span style=\"color: #000000;\">D\u00e9couvrez les diff\u00e9rentes publications scientifiques du <em>Centre d'Etudes sur les Conflits, Libert\u00e9, S\u00e9curit\u00e9<\/em> (CECLS) et la collection en partenariat:<\/span><\/p>\n<p><a href=\"http:\/\/www.cecls.eu\/fr\/la-revue-cc\/\"><img data-attachment-id=\"1163\" data-permalink=\"https:\/\/www.cecls.eu\/fr\/publications\/9782336531618r\/\" data-orig-file=\"https:\/\/i0.wp.com\/www.cecls.eu\/fr\/wp-content\/uploads\/2025\/05\/9782336531618r-scaled.jpg?fit=1653%2C2560&amp;ssl=1\" data-orig-size=\"1653,2560\" data-comments-opened=\"1\" data-image-meta=\"{&quot;aperture&quot;:&quot;0&quot;,&quot;credit&quot;:&quot;&quot;,&quot;camera&quot;:&quot;&quot;,&quot;caption&quot;:&quot;&quot;,&quot;created_timestamp&quot;:&quot;0&quot;,&quot;copyright&quot;:&quot;&quot;,&quot;focal_length&quot;:&quot;0&quot;,&quot;iso&quot;:&quot;0&quot;,&quot;shutter_speed&quot;:&quot;0&quot;,&quot;title&quot;:&quot;&quot;,&quot;orientation&quot;:&quot;0&quot;}\" data-image-title=\"9782336531618r\" data-image-description=\"\" data-image-caption=\"\" data-medium-file=\"https:\/\/i0.wp.com\/www.cecls.eu\/fr\/wp-content\/uploads\/2025\/05\/9782336531618r-scaled.jpg?fit=194%2C300&amp;ssl=1\" data-large-file=\"https:\/\/i0.wp.com\/www.cecls.eu\/fr\/wp-content\/uploads\/2025\/05\/9782336531618r-scaled.jpg?fit=661%2C1024&amp;ssl=1\" data-recalc-dims=\"1\" loading=\"lazy\" decoding=\"async\" class=\"alignleft wp-image-1163\" src=\"https:\/\/i0.wp.com\/www.cecls.eu\/fr\/wp-content\/uploads\/2025\/05\/9782336531618r.jpg?resize=129%2C200&#038;ssl=1\" alt=\"\" width=\"129\" height=\"200\" srcset=\"https:\/\/i0.wp.com\/www.cecls.eu\/fr\/wp-content\/uploads\/2025\/05\/9782336531618r-scaled.jpg?resize=160%2C248&amp;ssl=1 160w, https:\/\/i0.wp.com\/www.cecls.eu\/fr\/wp-content\/uploads\/2025\/05\/9782336531618r-scaled.jpg?resize=194%2C300&amp;ssl=1 194w, https:\/\/i0.wp.com\/www.cecls.eu\/fr\/wp-content\/uploads\/2025\/05\/9782336531618r-scaled.jpg?resize=661%2C1024&amp;ssl=1 661w, https:\/\/i0.wp.com\/www.cecls.eu\/fr\/wp-content\/uploads\/2025\/05\/9782336531618r-scaled.jpg?resize=768%2C1189&amp;ssl=1 768w, https:\/\/i0.wp.com\/www.cecls.eu\/fr\/wp-content\/uploads\/2025\/05\/9782336531618r-scaled.jpg?resize=992%2C1536&amp;ssl=1 992w, https:\/\/i0.wp.com\/www.cecls.eu\/fr\/wp-content\/uploads\/2025\/05\/9782336531618r-scaled.jpg?resize=1322%2C2048&amp;ssl=1 1322w, https:\/\/i0.wp.com\/www.cecls.eu\/fr\/wp-content\/uploads\/2025\/05\/9782336531618r-scaled.jpg?resize=820%2C1270&amp;ssl=1 820w, https:\/\/i0.wp.com\/www.cecls.eu\/fr\/wp-content\/uploads\/2025\/05\/9782336531618r-scaled.jpg?w=1653&amp;ssl=1 1653w\" sizes=\"auto, (max-width: 129px) 100vw, 129px\" \/><\/a><a href=\"https:\/\/www.cecls.eu\/fr\/collection-routledge\/\"><img data-attachment-id=\"1063\" data-permalink=\"https:\/\/www.cecls.eu\/fr\/collection-routledge\/attachment\/9781032765211\/\" data-orig-file=\"https:\/\/i0.wp.com\/www.cecls.eu\/fr\/wp-content\/uploads\/2025\/05\/9781032765211.webp?fit=350%2C560&amp;ssl=1\" data-orig-size=\"350,560\" data-comments-opened=\"1\" data-image-meta=\"{&quot;aperture&quot;:&quot;0&quot;,&quot;credit&quot;:&quot;&quot;,&quot;camera&quot;:&quot;&quot;,&quot;caption&quot;:&quot;&quot;,&quot;created_timestamp&quot;:&quot;0&quot;,&quot;copyright&quot;:&quot;&quot;,&quot;focal_length&quot;:&quot;0&quot;,&quot;iso&quot;:&quot;0&quot;,&quot;shutter_speed&quot;:&quot;0&quot;,&quot;title&quot;:&quot;&quot;,&quot;orientation&quot;:&quot;0&quot;}\" data-image-title=\"9781032765211\" data-image-description=\"\" data-image-caption=\"\" data-medium-file=\"https:\/\/i0.wp.com\/www.cecls.eu\/fr\/wp-content\/uploads\/2025\/05\/9781032765211.webp?fit=188%2C300&amp;ssl=1\" data-large-file=\"https:\/\/i0.wp.com\/www.cecls.eu\/fr\/wp-content\/uploads\/2025\/05\/9781032765211.webp?fit=350%2C560&amp;ssl=1\" data-recalc-dims=\"1\" loading=\"lazy\" decoding=\"async\" class=\"alignleft wp-image-1063\" src=\"https:\/\/i0.wp.com\/www.cecls.eu\/fr\/wp-content\/uploads\/2025\/05\/9781032765211.webp?resize=125%2C200&#038;ssl=1\" alt=\"\" width=\"125\" height=\"200\" srcset=\"https:\/\/i0.wp.com\/www.cecls.eu\/fr\/wp-content\/uploads\/2025\/05\/9781032765211.webp?resize=160%2C256&amp;ssl=1 160w, https:\/\/i0.wp.com\/www.cecls.eu\/fr\/wp-content\/uploads\/2025\/05\/9781032765211.webp?resize=188%2C300&amp;ssl=1 188w, https:\/\/i0.wp.com\/www.cecls.eu\/fr\/wp-content\/uploads\/2025\/05\/9781032765211.webp?w=350&amp;ssl=1 350w\" sizes=\"auto, (max-width: 125px) 100vw, 125px\" \/><\/a><a href=\"https:\/\/www.cecls.eu\/fr\/la-revue-p-a-r-i-s-s\/\"><img data-attachment-id=\"923\" data-permalink=\"https:\/\/www.cecls.eu\/fr\/la-revue-p-a-r-i-s-s\/screenhunter_882-mar-19-16-17\/\" data-orig-file=\"https:\/\/i0.wp.com\/www.cecls.eu\/fr\/wp-content\/uploads\/2019\/03\/ScreenHunter_882-Mar.-19-16.17.jpg?fit=685%2C766&amp;ssl=1\" data-orig-size=\"685,766\" data-comments-opened=\"1\" data-image-meta=\"{&quot;aperture&quot;:&quot;0&quot;,&quot;credit&quot;:&quot;&quot;,&quot;camera&quot;:&quot;&quot;,&quot;caption&quot;:&quot;&quot;,&quot;created_timestamp&quot;:&quot;0&quot;,&quot;copyright&quot;:&quot;&quot;,&quot;focal_length&quot;:&quot;0&quot;,&quot;iso&quot;:&quot;0&quot;,&quot;shutter_speed&quot;:&quot;0&quot;,&quot;title&quot;:&quot;&quot;,&quot;orientation&quot;:&quot;0&quot;}\" data-image-title=\"PARISS\" data-image-description=\"\" data-image-caption=\"\" data-medium-file=\"https:\/\/i0.wp.com\/www.cecls.eu\/fr\/wp-content\/uploads\/2019\/03\/ScreenHunter_882-Mar.-19-16.17.jpg?fit=268%2C300&amp;ssl=1\" data-large-file=\"https:\/\/i0.wp.com\/www.cecls.eu\/fr\/wp-content\/uploads\/2019\/03\/ScreenHunter_882-Mar.-19-16.17.jpg?fit=685%2C766&amp;ssl=1\" data-recalc-dims=\"1\" loading=\"lazy\" decoding=\"async\" class=\"alignleft wp-image-923\" src=\"https:\/\/i0.wp.com\/www.cecls.eu\/fr\/wp-content\/uploads\/2019\/03\/ScreenHunter_882-Mar.-19-16.17.jpg?resize=173%2C194&#038;ssl=1\" alt=\"\" width=\"173\" height=\"194\" srcset=\"https:\/\/i0.wp.com\/www.cecls.eu\/fr\/wp-content\/uploads\/2019\/03\/ScreenHunter_882-Mar.-19-16.17.jpg?resize=160%2C179&amp;ssl=1 160w, https:\/\/i0.wp.com\/www.cecls.eu\/fr\/wp-content\/uploads\/2019\/03\/ScreenHunter_882-Mar.-19-16.17.jpg?resize=268%2C300&amp;ssl=1 268w, https:\/\/i0.wp.com\/www.cecls.eu\/fr\/wp-content\/uploads\/2019\/03\/ScreenHunter_882-Mar.-19-16.17.jpg?w=685&amp;ssl=1 685w\" sizes=\"auto, (max-width: 173px) 100vw, 173px\" \/><\/a><a href=\"https:\/\/www.cecls.eu\/fr\/publications\/explosive-politics\/\"><img data-attachment-id=\"1194\" data-permalink=\"https:\/\/www.cecls.eu\/fr\/publications\/large\/\" data-orig-file=\"https:\/\/i0.wp.com\/www.cecls.eu\/fr\/wp-content\/uploads\/2025\/05\/large.webp?fit=664%2C1000&amp;ssl=1\" data-orig-size=\"664,1000\" data-comments-opened=\"1\" data-image-meta=\"{&quot;aperture&quot;:&quot;0&quot;,&quot;credit&quot;:&quot;&quot;,&quot;camera&quot;:&quot;&quot;,&quot;caption&quot;:&quot;&quot;,&quot;created_timestamp&quot;:&quot;0&quot;,&quot;copyright&quot;:&quot;&quot;,&quot;focal_length&quot;:&quot;0&quot;,&quot;iso&quot;:&quot;0&quot;,&quot;shutter_speed&quot;:&quot;0&quot;,&quot;title&quot;:&quot;&quot;,&quot;orientation&quot;:&quot;0&quot;}\" data-image-title=\"large\" data-image-description=\"\" data-image-caption=\"\" data-medium-file=\"https:\/\/i0.wp.com\/www.cecls.eu\/fr\/wp-content\/uploads\/2025\/05\/large.webp?fit=199%2C300&amp;ssl=1\" data-large-file=\"https:\/\/i0.wp.com\/www.cecls.eu\/fr\/wp-content\/uploads\/2025\/05\/large.webp?fit=664%2C1000&amp;ssl=1\" data-recalc-dims=\"1\" loading=\"lazy\" decoding=\"async\" class=\"alignleft wp-image-1194\" src=\"https:\/\/i0.wp.com\/www.cecls.eu\/fr\/wp-content\/uploads\/2025\/05\/large.webp?resize=129%2C194&#038;ssl=1\" alt=\"\" width=\"129\" height=\"194\" srcset=\"https:\/\/i0.wp.com\/www.cecls.eu\/fr\/wp-content\/uploads\/2025\/05\/large.webp?resize=160%2C241&amp;ssl=1 160w, https:\/\/i0.wp.com\/www.cecls.eu\/fr\/wp-content\/uploads\/2025\/05\/large.webp?resize=199%2C300&amp;ssl=1 199w, https:\/\/i0.wp.com\/www.cecls.eu\/fr\/wp-content\/uploads\/2025\/05\/large.webp?w=664&amp;ssl=1 664w\" sizes=\"auto, (max-width: 129px) 100vw, 129px\" \/><\/a><\/p>\n<\/div>\n<\/div><\/div><\/div><\/div><\/div>","protected":false},"excerpt":{"rendered":"<p>D\u00e9couvrez les diff\u00e9rentes publications scientifiques du Centre d&rsquo;Etudes sur les Conflits, Libert\u00e9, S\u00e9curit\u00e9 (CECLS) et la collection en partenariat:<\/p>\n","protected":false},"author":1,"featured_media":0,"parent":0,"menu_order":0,"comment_status":"closed","ping_status":"closed","template":"page-templates\/page_fullwidth.php","meta":{"_acf_changed":false,"advanced_seo_description":"","jetpack_seo_html_title":"","jetpack_seo_noindex":false,"jetpack_post_was_ever_published":false,"footnotes":""},"class_list":["post-502","page","type-page","status-publish","hentry"],"acf":[],"jetpack_sharing_enabled":true,"jetpack_shortlink":"https:\/\/wp.me\/P9dRVv-86","jetpack_likes_enabled":true,"jetpack-related-posts":[],"_links":{"self":[{"href":"https:\/\/www.cecls.eu\/fr\/wp-json\/wp\/v2\/pages\/502","targetHints":{"allow":["GET"]}}],"collection":[{"href":"https:\/\/www.cecls.eu\/fr\/wp-json\/wp\/v2\/pages"}],"about":[{"href":"https:\/\/www.cecls.eu\/fr\/wp-json\/wp\/v2\/types\/page"}],"author":[{"embeddable":true,"href":"https:\/\/www.cecls.eu\/fr\/wp-json\/wp\/v2\/users\/1"}],"replies":[{"embeddable":true,"href":"https:\/\/www.cecls.eu\/fr\/wp-json\/wp\/v2\/comments?post=502"}],"version-history":[{"count":32,"href":"https:\/\/www.cecls.eu\/fr\/wp-json\/wp\/v2\/pages\/502\/revisions"}],"predecessor-version":[{"id":1225,"href":"https:\/\/www.cecls.eu\/fr\/wp-json\/wp\/v2\/pages\/502\/revisions\/1225"}],"wp:attachment":[{"href":"https:\/\/www.cecls.eu\/fr\/wp-json\/wp\/v2\/media?parent=502"}],"curies":[{"name":"wp","href":"https:\/\/api.w.org\/{rel}","templated":true}]}}