{"id":13,"date":"2013-01-23T11:24:32","date_gmt":"2013-01-23T10:24:32","guid":{"rendered":"http:\/\/localhost\/wordpress-aurelien\/?page_id=13"},"modified":"2025-06-26T19:51:30","modified_gmt":"2025-06-26T18:51:30","slug":"la-revue-cc","status":"publish","type":"page","link":"https:\/\/www.cecls.eu\/fr\/la-revue-cc\/","title":{"rendered":"la revue Cultures &#038; Conflits &#8211; Sociologie &#8211; Politique &#8211; International"},"content":{"rendered":"<div id=\"pl-13\"  class=\"panel-layout\" ><div id=\"pg-13-0\"  class=\"panel-grid panel-no-style\" ><div id=\"pgc-13-0-0\"  class=\"panel-grid-cell\" ><div id=\"panel-13-0-0-0\" class=\"so-panel widget widget_media_gallery panel-first-child\" data-index=\"0\" ><div data-carousel-extra='{\"blog_id\":1,\"permalink\":\"https:\\\/\\\/www.cecls.eu\\\/fr\\\/la-revue-cc\\\/\"}' id='gallery-1' class='gallery galleryid-13 gallery-columns-2 gallery-size-thumbnail'><figure class='gallery-item'>\n\t\t\t<div class='gallery-icon portrait'>\n\t\t\t\t<a href='https:\/\/www.cecls.eu\/fr\/couv_134\/'><img loading=\"lazy\" decoding=\"async\" width=\"160\" height=\"244\" src=\"https:\/\/i0.wp.com\/www.cecls.eu\/fr\/wp-content\/uploads\/2025\/05\/couv_134.jpg?fit=160%2C244&amp;ssl=1\" class=\"attachment-thumbnail size-thumbnail\" alt=\"\" srcset=\"https:\/\/i0.wp.com\/www.cecls.eu\/fr\/wp-content\/uploads\/2025\/05\/couv_134.jpg?w=850&amp;ssl=1 850w, https:\/\/i0.wp.com\/www.cecls.eu\/fr\/wp-content\/uploads\/2025\/05\/couv_134.jpg?resize=196%2C300&amp;ssl=1 196w, https:\/\/i0.wp.com\/www.cecls.eu\/fr\/wp-content\/uploads\/2025\/05\/couv_134.jpg?resize=671%2C1024&amp;ssl=1 671w, https:\/\/i0.wp.com\/www.cecls.eu\/fr\/wp-content\/uploads\/2025\/05\/couv_134.jpg?resize=160%2C244&amp;ssl=1 160w, https:\/\/i0.wp.com\/www.cecls.eu\/fr\/wp-content\/uploads\/2025\/05\/couv_134.jpg?resize=768%2C1173&amp;ssl=1 768w, https:\/\/i0.wp.com\/www.cecls.eu\/fr\/wp-content\/uploads\/2025\/05\/couv_134.jpg?resize=820%2C1252&amp;ssl=1 820w\" sizes=\"auto, (max-width: 160px) 100vw, 160px\" data-attachment-id=\"1058\" data-permalink=\"https:\/\/www.cecls.eu\/fr\/couv_134\/\" data-orig-file=\"https:\/\/i0.wp.com\/www.cecls.eu\/fr\/wp-content\/uploads\/2025\/05\/couv_134.jpg?fit=850%2C1298&amp;ssl=1\" data-orig-size=\"850,1298\" data-comments-opened=\"1\" data-image-meta=\"{&quot;aperture&quot;:&quot;0&quot;,&quot;credit&quot;:&quot;&quot;,&quot;camera&quot;:&quot;&quot;,&quot;caption&quot;:&quot;&quot;,&quot;created_timestamp&quot;:&quot;0&quot;,&quot;copyright&quot;:&quot;&quot;,&quot;focal_length&quot;:&quot;0&quot;,&quot;iso&quot;:&quot;0&quot;,&quot;shutter_speed&quot;:&quot;0&quot;,&quot;title&quot;:&quot;&quot;,&quot;orientation&quot;:&quot;1&quot;}\" data-image-title=\"couv_134\" data-image-description=\"\" data-image-caption=\"\" data-medium-file=\"https:\/\/i0.wp.com\/www.cecls.eu\/fr\/wp-content\/uploads\/2025\/05\/couv_134.jpg?fit=196%2C300&amp;ssl=1\" data-large-file=\"https:\/\/i0.wp.com\/www.cecls.eu\/fr\/wp-content\/uploads\/2025\/05\/couv_134.jpg?fit=671%2C1024&amp;ssl=1\" \/><\/a>\n\t\t\t<\/div><\/figure><figure class='gallery-item'>\n\t\t\t<div class='gallery-icon portrait'>\n\t\t\t\t<a href='https:\/\/www.cecls.eu\/fr\/la-revue-cc\/couv133\/'><img loading=\"lazy\" decoding=\"async\" width=\"160\" height=\"244\" src=\"https:\/\/i0.wp.com\/www.cecls.eu\/fr\/wp-content\/uploads\/2025\/05\/couv133.jpg?fit=160%2C244&amp;ssl=1\" class=\"attachment-thumbnail size-thumbnail\" alt=\"\" srcset=\"https:\/\/i0.wp.com\/www.cecls.eu\/fr\/wp-content\/uploads\/2025\/05\/couv133.jpg?w=567&amp;ssl=1 567w, https:\/\/i0.wp.com\/www.cecls.eu\/fr\/wp-content\/uploads\/2025\/05\/couv133.jpg?resize=196%2C300&amp;ssl=1 196w, https:\/\/i0.wp.com\/www.cecls.eu\/fr\/wp-content\/uploads\/2025\/05\/couv133.jpg?resize=160%2C244&amp;ssl=1 160w\" sizes=\"auto, (max-width: 160px) 100vw, 160px\" data-attachment-id=\"1130\" data-permalink=\"https:\/\/www.cecls.eu\/fr\/la-revue-cc\/couv133\/\" data-orig-file=\"https:\/\/i0.wp.com\/www.cecls.eu\/fr\/wp-content\/uploads\/2025\/05\/couv133.jpg?fit=567%2C866&amp;ssl=1\" data-orig-size=\"567,866\" data-comments-opened=\"1\" data-image-meta=\"{&quot;aperture&quot;:&quot;0&quot;,&quot;credit&quot;:&quot;&quot;,&quot;camera&quot;:&quot;&quot;,&quot;caption&quot;:&quot;&quot;,&quot;created_timestamp&quot;:&quot;0&quot;,&quot;copyright&quot;:&quot;&quot;,&quot;focal_length&quot;:&quot;0&quot;,&quot;iso&quot;:&quot;0&quot;,&quot;shutter_speed&quot;:&quot;0&quot;,&quot;title&quot;:&quot;&quot;,&quot;orientation&quot;:&quot;1&quot;}\" data-image-title=\"couv133\" data-image-description=\"\" data-image-caption=\"\" data-medium-file=\"https:\/\/i0.wp.com\/www.cecls.eu\/fr\/wp-content\/uploads\/2025\/05\/couv133.jpg?fit=196%2C300&amp;ssl=1\" data-large-file=\"https:\/\/i0.wp.com\/www.cecls.eu\/fr\/wp-content\/uploads\/2025\/05\/couv133.jpg?fit=567%2C866&amp;ssl=1\" \/><\/a>\n\t\t\t<\/div><\/figure><figure class='gallery-item'>\n\t\t\t<div class='gallery-icon portrait'>\n\t\t\t\t<a href='https:\/\/www.cecls.eu\/fr\/la-revue-cc\/couv_c_c_131_132\/'><img loading=\"lazy\" decoding=\"async\" width=\"160\" height=\"245\" src=\"https:\/\/i0.wp.com\/www.cecls.eu\/fr\/wp-content\/uploads\/2025\/05\/couv_c_c_131_132.jpg?fit=160%2C245&amp;ssl=1\" class=\"attachment-thumbnail size-thumbnail\" alt=\"\" srcset=\"https:\/\/i0.wp.com\/www.cecls.eu\/fr\/wp-content\/uploads\/2025\/05\/couv_c_c_131_132.jpg?w=889&amp;ssl=1 889w, https:\/\/i0.wp.com\/www.cecls.eu\/fr\/wp-content\/uploads\/2025\/05\/couv_c_c_131_132.jpg?resize=196%2C300&amp;ssl=1 196w, https:\/\/i0.wp.com\/www.cecls.eu\/fr\/wp-content\/uploads\/2025\/05\/couv_c_c_131_132.jpg?resize=670%2C1024&amp;ssl=1 670w, https:\/\/i0.wp.com\/www.cecls.eu\/fr\/wp-content\/uploads\/2025\/05\/couv_c_c_131_132.jpg?resize=160%2C245&amp;ssl=1 160w, https:\/\/i0.wp.com\/www.cecls.eu\/fr\/wp-content\/uploads\/2025\/05\/couv_c_c_131_132.jpg?resize=768%2C1174&amp;ssl=1 768w, https:\/\/i0.wp.com\/www.cecls.eu\/fr\/wp-content\/uploads\/2025\/05\/couv_c_c_131_132.jpg?resize=820%2C1254&amp;ssl=1 820w\" sizes=\"auto, (max-width: 160px) 100vw, 160px\" data-attachment-id=\"1131\" data-permalink=\"https:\/\/www.cecls.eu\/fr\/la-revue-cc\/couv_c_c_131_132\/\" data-orig-file=\"https:\/\/i0.wp.com\/www.cecls.eu\/fr\/wp-content\/uploads\/2025\/05\/couv_c_c_131_132.jpg?fit=889%2C1359&amp;ssl=1\" data-orig-size=\"889,1359\" data-comments-opened=\"1\" data-image-meta=\"{&quot;aperture&quot;:&quot;0&quot;,&quot;credit&quot;:&quot;&quot;,&quot;camera&quot;:&quot;&quot;,&quot;caption&quot;:&quot;&quot;,&quot;created_timestamp&quot;:&quot;0&quot;,&quot;copyright&quot;:&quot;&quot;,&quot;focal_length&quot;:&quot;0&quot;,&quot;iso&quot;:&quot;0&quot;,&quot;shutter_speed&quot;:&quot;0&quot;,&quot;title&quot;:&quot;&quot;,&quot;orientation&quot;:&quot;1&quot;}\" data-image-title=\"couv_c_c_131_132\" data-image-description=\"\" data-image-caption=\"\" data-medium-file=\"https:\/\/i0.wp.com\/www.cecls.eu\/fr\/wp-content\/uploads\/2025\/05\/couv_c_c_131_132.jpg?fit=196%2C300&amp;ssl=1\" data-large-file=\"https:\/\/i0.wp.com\/www.cecls.eu\/fr\/wp-content\/uploads\/2025\/05\/couv_c_c_131_132.jpg?fit=670%2C1024&amp;ssl=1\" \/><\/a>\n\t\t\t<\/div><\/figure><figure class='gallery-item'>\n\t\t\t<div class='gallery-icon portrait'>\n\t\t\t\t<a href='https:\/\/www.cecls.eu\/fr\/la-revue-cc\/copie-de-cc-couv-58-qxd-6\/'><img loading=\"lazy\" decoding=\"async\" width=\"160\" height=\"247\" src=\"https:\/\/i0.wp.com\/www.cecls.eu\/fr\/wp-content\/uploads\/2025\/05\/c_c_130.jpg?fit=160%2C247&amp;ssl=1\" class=\"attachment-thumbnail size-thumbnail\" alt=\"\" srcset=\"https:\/\/i0.wp.com\/www.cecls.eu\/fr\/wp-content\/uploads\/2025\/05\/c_c_130.jpg?w=441&amp;ssl=1 441w, https:\/\/i0.wp.com\/www.cecls.eu\/fr\/wp-content\/uploads\/2025\/05\/c_c_130.jpg?resize=195%2C300&amp;ssl=1 195w, https:\/\/i0.wp.com\/www.cecls.eu\/fr\/wp-content\/uploads\/2025\/05\/c_c_130.jpg?resize=160%2C247&amp;ssl=1 160w\" sizes=\"auto, (max-width: 160px) 100vw, 160px\" data-attachment-id=\"1145\" data-permalink=\"https:\/\/www.cecls.eu\/fr\/la-revue-cc\/copie-de-cc-couv-58-qxd-6\/\" data-orig-file=\"https:\/\/i0.wp.com\/www.cecls.eu\/fr\/wp-content\/uploads\/2025\/05\/c_c_130.jpg?fit=441%2C680&amp;ssl=1\" data-orig-size=\"441,680\" data-comments-opened=\"1\" data-image-meta=\"{&quot;aperture&quot;:&quot;0&quot;,&quot;credit&quot;:&quot;Karel YON&quot;,&quot;camera&quot;:&quot;&quot;,&quot;caption&quot;:&quot;&quot;,&quot;created_timestamp&quot;:&quot;0&quot;,&quot;copyright&quot;:&quot;&quot;,&quot;focal_length&quot;:&quot;0&quot;,&quot;iso&quot;:&quot;0&quot;,&quot;shutter_speed&quot;:&quot;0&quot;,&quot;title&quot;:&quot;Copie de C&amp;C - Couv  58.qxd&quot;,&quot;orientation&quot;:&quot;1&quot;}\" data-image-title=\"Copie de C&amp;amp;C &amp;#8211; Couv  58.qxd\" data-image-description=\"\" data-image-caption=\"\" data-medium-file=\"https:\/\/i0.wp.com\/www.cecls.eu\/fr\/wp-content\/uploads\/2025\/05\/c_c_130.jpg?fit=195%2C300&amp;ssl=1\" data-large-file=\"https:\/\/i0.wp.com\/www.cecls.eu\/fr\/wp-content\/uploads\/2025\/05\/c_c_130.jpg?fit=441%2C680&amp;ssl=1\" \/><\/a>\n\t\t\t<\/div><\/figure>\n\t\t<\/div>\n<\/div><div id=\"panel-13-0-0-1\" class=\"so-panel widget widget_sow-editor panel-last-child\" data-index=\"1\" ><div\n\t\t\t\n\t\t\tclass=\"so-widget-sow-editor so-widget-sow-editor-base\"\n\t\t\t\n\t\t>\n<div class=\"siteorigin-widget-tinymce textwidget\">\n\t<h2><a name=\"_Toc177038122\"><\/a><span style=\"color: #000000;\">Contacts &amp; informations<\/span><\/h2>\n<p><span style=\"color: #000000;\">Directeur de publication: <a href=\"mailto:emmanuel.pierre.guittet@gmail.com\">Emmanuel-Pierre Guittet<\/a><\/span><\/p>\n<p><span style=\"color: #000000;\">R\u00e9dacteurs en chef : <a href=\"a.amicelle@sciencespobordeaux.fr\">Anthony Amicelle<\/a>, <a href=\"marie-laure.basilien-gainche@univ-lyon3.fr\">Marie-Laure Basilien-Gainche<\/a>, <a href=\"mailto:dfbigo@proton.me\">Didier Bigo<\/a><\/span><span style=\"color: #000000;\">, <a href=\"mailto:lbonelli@parisnanterre.fr\">Laurent Bonelli<\/a>, <a href=\"mathias.delori@sciencespo.fr\">Mathias Delori<\/a>, <a href=\"mimperier@gmail.com\">Miriam P\u00e9rier<\/a>, <a href=\"Julien.Pomarede@uliege.be\">Julien Pomar\u00e8de,<\/a> <a href=\"tsoukala.anastassia@gmail.com\">Anastassia Tsoukala<\/a> et <a href=\"jerome.valluy@univ-paris1.fr\">J\u00e9r\u00f4me Valluy<\/a><br \/>\n<\/span><\/p>\n<p><span style=\"color: #000000;\">Secr\u00e9tariat de r\u00e9daction\u00a0: <a href=\"mailto:redactionagc@gmail.com\">Antonia Garcia Castro<\/a> <\/span><span style=\"color: #000000;\">et <a href=\"mailto:ynkarel@yahoo.fr\">Karel Yon<\/a><\/span><\/p>\n<p style=\"text-align: justify;\"><span style=\"color: #000000;\">Adresse postale\u00a0: Centre d\u2019\u00c9tudes sur les Conflits, Libert\u00e9 et S\u00e9curit\u00e9 (CECLS) \/ Revue <em>Cultures &amp; Conflits<\/em> \u2013 <em>Sociologie Politique de l\u2019International<\/em>, Universit\u00e9 de Paris-Ouest-Nanterre B\u00e2timent F - Bureau 515 UFR Droit et science politique 200, avenue de la R\u00e9publique 92001 Nanterre cedex France<\/span><\/p>\n<p style=\"text-align: justify;\"><span style=\"color: #000000;\">Protocole de publication\u00a0: L\u2019\u00e9quipe de la revue, depuis sa cr\u00e9ation en 1990, propose un syst\u00e8me d\u2019\u00e9valuation des articles rigoureux et m\u00e9ticuleux (syst\u00e8me de <em>Peer review<\/em>\u00a0: double \u00e9valuation anonyme)\u00a0:<\/span> <a href=\"https:\/\/journals.openedition.org\/conflits\/2270\">protocole de la revue C&amp;C<\/a><\/p>\n<p style=\"text-align: justify;\"><span style=\"color: #000000;\">P\u00e9riodicit\u00e9 : 4 n<sup>os<\/sup> \/ an<br \/>\nISSN : 1157-996X<br \/>\nISSN en ligne : 1777-5345<\/span><\/p>\n<p style=\"text-align: justify;\"><span style=\"color: #000000;\">Articles publi\u00e9s sous Creative Commons - Attribution-Non Commercial-No Derivatives 4.0 International - CC BY-NC-ND 4.0<\/span><\/p>\n<\/div>\n<\/div><\/div><\/div><div id=\"pgc-13-0-1\"  class=\"panel-grid-cell\" ><div id=\"panel-13-0-1-0\" class=\"so-panel widget widget_sow-editor panel-first-child panel-last-child\" data-index=\"2\" ><div\n\t\t\t\n\t\t\tclass=\"so-widget-sow-editor so-widget-sow-editor-base\"\n\t\t\t\n\t\t>\n<div class=\"siteorigin-widget-tinymce textwidget\">\n\t<p style=\"text-align: justify;\"><span style=\"color: #000000;\">Depuis 1990,\u00a0<strong><em>Cultures &amp; Conflits<\/em><\/strong> est une revue th\u00e9matique trimestrielle explorant les relations entre\u00a0 Sociologie, Etudes Politiques, Anthropologie et\u00a0 les dimensions de l\u2019International (inter\u00e9tatique, global, technologique, transversal) qui obligent \u00e0 repenser les cadres habituels de la science politique et des relations internationales classiques, ainsi que de la pol\u00e9mologie.\u00a0 Elle se propose d\u2019analyser les diff\u00e9rentes expressions de la conflictualit\u00e9 sous toutes ses formes : dissuasion, guerres, r\u00e9volutions, r\u00e9pression d\u2019Etat ou autres formes de violence labellis\u00e9es comme \u00ab terrorisme \u00bb, \u00ab criminalit\u00e9 mafieuse \u00bb, \u00ab \u00e9meutes urbaines \u00bb, jusqu\u2019aux formes, plus subtiles mais bien r\u00e9elles, de situations post-coloniales, d\u2019acceptation de formes de domination socio-\u00e9conomique et de violence symbolique.<\/span><\/p>\n<p style=\"text-align: justify;\"><span style=\"color: #000000;\">La revue ouvre ses pages aux sociologues, aux philosophes, aux th\u00e9oriciens du politique, aux historiens, aux g\u00e9ographes, aux criminologues , aux juristes des droits de l\u2019homme mais aussi aux acteurs des institutions et des ONG, et \u00e0 tous ceux qui croisent leur regard\u00a0 ou contestent les pr\u00e9occupations des strat\u00e8ges et des sp\u00e9cialistes de relations internationales. <em>Cultures &amp; Conflits<\/em> permet d\u2019apporter un \u00e9clairage diff\u00e9rent sur les questions de la socialisation, des formes de mobilisations et de passage \u00e0 la violence, que ce soit \u00e0 l\u2019int\u00e9rieur ou l\u2019ext\u00e9rieur du cadre \u00e9tatique. Celui-ci est d\u2019ailleurs souvent remis en cause comme seul cadre explicatif, les nouvelles expressions de la violence \u00e9tant fr\u00e9quemment transnationales et sujettes \u00e0 des changements d\u2019\u00e9chelle au cours de leurs dynamiques.<\/span><\/p>\n<p style=\"text-align: justify;\"><span style=\"color: #000000;\">Les auteurs proposent dans chaque num\u00e9ro des pistes de recherche autour d\u2019une probl\u00e9matique pr\u00e9cise permettant de renouveler les travaux sur la violence et la conflictualit\u00e9 qui traversent les multiplicit\u00e9s du monde. L\u2019ambition avou\u00e9e est donc grande, mais elle refuse le d\u00e9coupage entre articles th\u00e9oriques et cas particuliers. Au contraire, chaque article, enracin\u00e9 dans un terreau sp\u00e9cifique, apporte, outre des renseignements pr\u00e9cis, une v\u00e9ritable contribution \u00e0 la compr\u00e9hension des m\u00e9canismes conflictuels, des logiques d\u2019(in)s\u00e9curisation et de suspicion, des formes de surveillance, et des luttes transversales pour les libert\u00e9s et l\u2019\u00e9galit\u00e9 qui s\u2019opposent aux formes contemporaines de contr\u00f4le, souvent moins visibles, plus subtiles, mais dont les effets sont souvent l\u2019acceptation de cadres de guerre et d\u2019inimiti\u00e9s que l\u2019on pensait disparus. L\u2019enjeu est de proposer une approche renouvel\u00e9e de l\u2019analyse et de l\u2019appr\u00e9hension des relations internationales o\u00f9 les mots cl\u00e9s sont relations, dynamiques transversales, multiples temporalit\u00e9s, et non identit\u00e9 ou essentialisme des acteurs, globalit\u00e9 homog\u00e8ne et autres fausses alternatives qui veulent souvent clore les d\u00e9bats par des dualismes simplificateurs.<\/span><\/p>\n<p style=\"text-align: justify;\"><span style=\"color: #000000;\">Le <em>Centre d\u2019Etudes sur les conflits, libert\u00e9s et s\u00e9curit\u00e9<\/em> (CECLS) qui publie <em>Cultures &amp; Conflits<\/em> et la <a href=\"https:\/\/www.cecls.eu\/fr\/la-revue-p-a-r-i-s-s\/\">revue PARISS-Brill<\/a> en anglais se veut r\u00e9solument transdisciplinaire et ouvert \u00e0 la fertilisation r\u00e9ciproque de savoirs qui remettent en cause leurs pr\u00e9suppos\u00e9s et s\u2019engagent ensemble dans des postures r\u00e9flexives. il vise \u00e0 favoriser la publication d'articles venant d'auteurs de disciplines diff\u00e9rentes et de langues ou traditions stylistiques diverses. Il aide les anglophones et hispanophones \u00e0 toucher un public francophone en aidant aux traductions de leurs articles dans <em>Cultures &amp; Conflits<\/em>, et inversement promeut les auteurs francophones de <em>Cultures &amp; Conflits<\/em> en leur offrant des d\u00e9bouch\u00e9s vers ses publications anglophones.<\/span><\/p>\n<p>&nbsp;<\/p>\n<p><a href=\"https:\/\/journals.openedition.org\/conflits\/\"><img data-attachment-id=\"1137\" data-permalink=\"https:\/\/www.cecls.eu\/fr\/la-revue-cc\/openedition_journals_logo\/\" data-orig-file=\"https:\/\/i0.wp.com\/www.cecls.eu\/fr\/wp-content\/uploads\/2025\/05\/OpenEdition_Journals_Logo.png?fit=1794%2C941&amp;ssl=1\" data-orig-size=\"1794,941\" data-comments-opened=\"1\" data-image-meta=\"{&quot;aperture&quot;:&quot;0&quot;,&quot;credit&quot;:&quot;&quot;,&quot;camera&quot;:&quot;&quot;,&quot;caption&quot;:&quot;&quot;,&quot;created_timestamp&quot;:&quot;0&quot;,&quot;copyright&quot;:&quot;&quot;,&quot;focal_length&quot;:&quot;0&quot;,&quot;iso&quot;:&quot;0&quot;,&quot;shutter_speed&quot;:&quot;0&quot;,&quot;title&quot;:&quot;&quot;,&quot;orientation&quot;:&quot;0&quot;}\" data-image-title=\"OpenEdition_Journals_Logo\" data-image-description=\"\" data-image-caption=\"\" data-medium-file=\"https:\/\/i0.wp.com\/www.cecls.eu\/fr\/wp-content\/uploads\/2025\/05\/OpenEdition_Journals_Logo.png?fit=300%2C157&amp;ssl=1\" data-large-file=\"https:\/\/i0.wp.com\/www.cecls.eu\/fr\/wp-content\/uploads\/2025\/05\/OpenEdition_Journals_Logo.png?fit=1024%2C537&amp;ssl=1\" data-recalc-dims=\"1\" loading=\"lazy\" decoding=\"async\" class=\"alignleft wp-image-1137 size-thumbnail\" src=\"https:\/\/i0.wp.com\/www.cecls.eu\/fr\/wp-content\/uploads\/2025\/05\/OpenEdition_Journals_Logo.png?resize=160%2C84&#038;ssl=1\" alt=\"\" width=\"160\" height=\"84\" srcset=\"https:\/\/i0.wp.com\/www.cecls.eu\/fr\/wp-content\/uploads\/2025\/05\/OpenEdition_Journals_Logo.png?resize=160%2C84&amp;ssl=1 160w, https:\/\/i0.wp.com\/www.cecls.eu\/fr\/wp-content\/uploads\/2025\/05\/OpenEdition_Journals_Logo.png?resize=300%2C157&amp;ssl=1 300w, https:\/\/i0.wp.com\/www.cecls.eu\/fr\/wp-content\/uploads\/2025\/05\/OpenEdition_Journals_Logo.png?resize=1024%2C537&amp;ssl=1 1024w, https:\/\/i0.wp.com\/www.cecls.eu\/fr\/wp-content\/uploads\/2025\/05\/OpenEdition_Journals_Logo.png?resize=768%2C403&amp;ssl=1 768w, https:\/\/i0.wp.com\/www.cecls.eu\/fr\/wp-content\/uploads\/2025\/05\/OpenEdition_Journals_Logo.png?resize=1536%2C806&amp;ssl=1 1536w, https:\/\/i0.wp.com\/www.cecls.eu\/fr\/wp-content\/uploads\/2025\/05\/OpenEdition_Journals_Logo.png?resize=820%2C430&amp;ssl=1 820w, https:\/\/i0.wp.com\/www.cecls.eu\/fr\/wp-content\/uploads\/2025\/05\/OpenEdition_Journals_Logo.png?w=1794&amp;ssl=1 1794w\" sizes=\"auto, (max-width: 160px) 100vw, 160px\" \/><\/a><a href=\"https:\/\/shs.cairn.info\/revue-cultures-et-conflits?lang=fr&amp;tab=numeros\"><img data-attachment-id=\"1134\" data-permalink=\"https:\/\/www.cecls.eu\/fr\/la-revue-cc\/screenshot-2025-05-07-at-09-44-32\/\" data-orig-file=\"https:\/\/i0.wp.com\/www.cecls.eu\/fr\/wp-content\/uploads\/2025\/05\/Screenshot-2025-05-07-at-09-44-32-.png?fit=1919%2C864&amp;ssl=1\" data-orig-size=\"1919,864\" data-comments-opened=\"1\" data-image-meta=\"{&quot;aperture&quot;:&quot;0&quot;,&quot;credit&quot;:&quot;&quot;,&quot;camera&quot;:&quot;&quot;,&quot;caption&quot;:&quot;&quot;,&quot;created_timestamp&quot;:&quot;0&quot;,&quot;copyright&quot;:&quot;&quot;,&quot;focal_length&quot;:&quot;0&quot;,&quot;iso&quot;:&quot;0&quot;,&quot;shutter_speed&quot;:&quot;0&quot;,&quot;title&quot;:&quot;&quot;,&quot;orientation&quot;:&quot;0&quot;}\" data-image-title=\"Screenshot 2025-05-07 at 09-44-32\" data-image-description=\"\" data-image-caption=\"\" data-medium-file=\"https:\/\/i0.wp.com\/www.cecls.eu\/fr\/wp-content\/uploads\/2025\/05\/Screenshot-2025-05-07-at-09-44-32-.png?fit=300%2C135&amp;ssl=1\" data-large-file=\"https:\/\/i0.wp.com\/www.cecls.eu\/fr\/wp-content\/uploads\/2025\/05\/Screenshot-2025-05-07-at-09-44-32-.png?fit=1024%2C461&amp;ssl=1\" data-recalc-dims=\"1\" loading=\"lazy\" decoding=\"async\" class=\"alignleft wp-image-1134 size-thumbnail\" src=\"https:\/\/i0.wp.com\/www.cecls.eu\/fr\/wp-content\/uploads\/2025\/05\/Screenshot-2025-05-07-at-09-44-32-.png?resize=160%2C72&#038;ssl=1\" alt=\"\" width=\"160\" height=\"72\" srcset=\"https:\/\/i0.wp.com\/www.cecls.eu\/fr\/wp-content\/uploads\/2025\/05\/Screenshot-2025-05-07-at-09-44-32-.png?resize=160%2C72&amp;ssl=1 160w, https:\/\/i0.wp.com\/www.cecls.eu\/fr\/wp-content\/uploads\/2025\/05\/Screenshot-2025-05-07-at-09-44-32-.png?resize=300%2C135&amp;ssl=1 300w, https:\/\/i0.wp.com\/www.cecls.eu\/fr\/wp-content\/uploads\/2025\/05\/Screenshot-2025-05-07-at-09-44-32-.png?resize=1024%2C461&amp;ssl=1 1024w, https:\/\/i0.wp.com\/www.cecls.eu\/fr\/wp-content\/uploads\/2025\/05\/Screenshot-2025-05-07-at-09-44-32-.png?resize=768%2C346&amp;ssl=1 768w, https:\/\/i0.wp.com\/www.cecls.eu\/fr\/wp-content\/uploads\/2025\/05\/Screenshot-2025-05-07-at-09-44-32-.png?resize=1536%2C692&amp;ssl=1 1536w, https:\/\/i0.wp.com\/www.cecls.eu\/fr\/wp-content\/uploads\/2025\/05\/Screenshot-2025-05-07-at-09-44-32-.png?resize=820%2C369&amp;ssl=1 820w, https:\/\/i0.wp.com\/www.cecls.eu\/fr\/wp-content\/uploads\/2025\/05\/Screenshot-2025-05-07-at-09-44-32-.png?w=1919&amp;ssl=1 1919w\" sizes=\"auto, (max-width: 160px) 100vw, 160px\" \/><\/a><\/p>\n<p><a href=\"https:\/\/www.jstor.org\/journal\/culturesconflits\"><img data-attachment-id=\"1160\" data-permalink=\"https:\/\/www.cecls.eu\/fr\/la-revue-cc\/jstor_logo-svg\/\" data-orig-file=\"https:\/\/i0.wp.com\/www.cecls.eu\/fr\/wp-content\/uploads\/2025\/05\/JSTOR_logo.svg_-e1746605952609.png?fit=62%2C84&amp;ssl=1\" data-orig-size=\"62,84\" data-comments-opened=\"1\" data-image-meta=\"{&quot;aperture&quot;:&quot;0&quot;,&quot;credit&quot;:&quot;&quot;,&quot;camera&quot;:&quot;&quot;,&quot;caption&quot;:&quot;&quot;,&quot;created_timestamp&quot;:&quot;0&quot;,&quot;copyright&quot;:&quot;&quot;,&quot;focal_length&quot;:&quot;0&quot;,&quot;iso&quot;:&quot;0&quot;,&quot;shutter_speed&quot;:&quot;0&quot;,&quot;title&quot;:&quot;&quot;,&quot;orientation&quot;:&quot;0&quot;}\" data-image-title=\"JSTOR_(logo).svg\" data-image-description=\"\" data-image-caption=\"\" data-medium-file=\"https:\/\/i0.wp.com\/www.cecls.eu\/fr\/wp-content\/uploads\/2025\/05\/JSTOR_logo.svg_-e1746605952609.png?fit=220%2C300&amp;ssl=1\" data-large-file=\"https:\/\/i0.wp.com\/www.cecls.eu\/fr\/wp-content\/uploads\/2025\/05\/JSTOR_logo.svg_-e1746605952609.png?fit=62%2C84&amp;ssl=1\" data-recalc-dims=\"1\" loading=\"lazy\" decoding=\"async\" class=\"alignleft wp-image-1160\" src=\"https:\/\/i0.wp.com\/www.cecls.eu\/fr\/wp-content\/uploads\/2025\/05\/JSTOR_logo.svg_.png?resize=58%2C79&#038;ssl=1\" alt=\"\" width=\"58\" height=\"79\" \/><\/a><\/p>\n<p>&nbsp;<\/p>\n<\/div>\n<\/div><\/div><\/div><\/div><\/div>","protected":false},"excerpt":{"rendered":"<p>Contacts &amp; informations Directeur de publication: Emmanuel-Pierre Guittet R\u00e9dacteurs en chef : Anthony Amicelle, Marie-Laure Basilien-Gainche, Didier Bigo, Laurent Bonelli, [&hellip;]<\/p>\n","protected":false},"author":1,"featured_media":0,"parent":0,"menu_order":0,"comment_status":"open","ping_status":"closed","template":"page-templates\/page_fullwidth.php","meta":{"_acf_changed":false,"advanced_seo_description":"","jetpack_seo_html_title":"","jetpack_seo_noindex":false,"jetpack_post_was_ever_published":false,"footnotes":""},"class_list":["post-13","page","type-page","status-publish","hentry"],"acf":[],"jetpack_sharing_enabled":true,"jetpack_shortlink":"https:\/\/wp.me\/P9dRVv-d","jetpack_likes_enabled":false,"jetpack-related-posts":[],"_links":{"self":[{"href":"https:\/\/www.cecls.eu\/fr\/wp-json\/wp\/v2\/pages\/13","targetHints":{"allow":["GET"]}}],"collection":[{"href":"https:\/\/www.cecls.eu\/fr\/wp-json\/wp\/v2\/pages"}],"about":[{"href":"https:\/\/www.cecls.eu\/fr\/wp-json\/wp\/v2\/types\/page"}],"author":[{"embeddable":true,"href":"https:\/\/www.cecls.eu\/fr\/wp-json\/wp\/v2\/users\/1"}],"replies":[{"embeddable":true,"href":"https:\/\/www.cecls.eu\/fr\/wp-json\/wp\/v2\/comments?post=13"}],"version-history":[{"count":77,"href":"https:\/\/www.cecls.eu\/fr\/wp-json\/wp\/v2\/pages\/13\/revisions"}],"predecessor-version":[{"id":1414,"href":"https:\/\/www.cecls.eu\/fr\/wp-json\/wp\/v2\/pages\/13\/revisions\/1414"}],"wp:attachment":[{"href":"https:\/\/www.cecls.eu\/fr\/wp-json\/wp\/v2\/media?parent=13"}],"curies":[{"name":"wp","href":"https:\/\/api.w.org\/{rel}","templated":true}]}}