{"id":1251,"date":"2025-05-08T08:20:21","date_gmt":"2025-05-08T07:20:21","guid":{"rendered":"https:\/\/www.cecls.eu\/fr\/?page_id=1251"},"modified":"2025-05-30T07:35:55","modified_gmt":"2025-05-30T06:35:55","slug":"programmes-cadres-de-recherche","status":"publish","type":"page","link":"https:\/\/www.cecls.eu\/fr\/programmes-cadres-de-recherche\/","title":{"rendered":"Programmes-cadres de recherche"},"content":{"rendered":"<div id=\"pl-1251\" class=\"panel-layout\">\n<div id=\"pg-1251-0\" class=\"panel-grid panel-no-style\">\n<div id=\"pgc-1251-0-0\" class=\"panel-grid-cell\" data-weight=\"1\">\n<div id=\"panel-1251-0-0-0\" class=\"so-panel widget widget_sow-editor panel-first-child panel-last-child\" data-index=\"0\" data-style=\"{&quot;background_image_attachment&quot;:false,&quot;background_display&quot;:&quot;tile&quot;,&quot;background_image_size&quot;:&quot;full&quot;,&quot;background_image_opacity&quot;:&quot;100&quot;,&quot;border_thickness&quot;:&quot;1px&quot;}\">\n<div class=\"so-widget-sow-editor so-widget-sow-editor-base\">\n<div class=\"siteorigin-widget-tinymce textwidget\">\n<p style=\"text-align: justify;\">Depuis 2002, <em>CECLS<\/em> a \u00e9t\u00e9 partenaire dans de nombreux Programmes-cadres de recherche europ\u00e9ens<\/p>\n<style>#sp-ea-1389 .spcollapsing { height: 0; overflow: hidden; transition-property: height;transition-duration: 300ms;}#sp-ea-1389.sp-easy-accordion>.sp-ea-single {margin-bottom: 10px; border: 1px solid #e2e2e2; }#sp-ea-1389.sp-easy-accordion>.sp-ea-single>.ea-header a {color: #444;}#sp-ea-1389.sp-easy-accordion>.sp-ea-single>.sp-collapse>.ea-body {background: #fff; color: #444;}#sp-ea-1389.sp-easy-accordion>.sp-ea-single {background: #eee;}#sp-ea-1389.sp-easy-accordion>.sp-ea-single>.ea-header a .ea-expand-icon { float: left; color: #444;font-size: 16px;}<\/style><div id=\"sp_easy_accordion-1748507604\"><div id=\"sp-ea-1389\" class=\"sp-ea-one sp-easy-accordion\" data-ea-active=\"ea-click\" data-ea-mode=\"vertical\" data-preloader=\"\" data-scroll-active-item=\"\" data-offset-to-scroll=\"0\"><div class=\"ea-card sp-ea-single\"><h3 class=\"ea-header\"><a class=\"collapsed\" id=\"ea-header-13890\" role=\"button\" data-sptoggle=\"spcollapse\" data-sptarget=\"#collapse13890\" aria-controls=\"collapse13890\" href=\"#\" aria-expanded=\"false\" tabindex=\"0\"><i aria-hidden=\"true\" role=\"presentation\" class=\"ea-expand-icon eap-icon-ea-expand-plus\"><\/i> GUARDINT (2018 - 2023)<\/a><\/h3><div class=\"sp-collapse spcollapse spcollapse\" id=\"collapse13890\" data-parent=\"#sp-ea-1389\" role=\"region\" aria-labelledby=\"ea-header-13890\"> <div class=\"ea-body\"><h3 class=\"facelift\" style=\"text-align: justify\"><strong>Oversight and intelligence networks: Who guards the guardians?<\/strong><\/h3><p><span class=\"value\"><strong>\u00a0<\/strong>Le projet examine les d\u00e9fis et les am\u00e9liorations potentielles concernant l'exercice efficace du contr\u00f4le du renseignement \u00e0 l'\u00e8re de la num\u00e9risation et de la coop\u00e9ration internationale en mati\u00e8re de s\u00e9curit\u00e9.<\/span><\/p><p><span class=\"value\">Deutsche Forschungsgemeinschaft (DFG) - Project number 396819157<\/span><\/p><p><a href=\"https:\/\/i0.wp.com\/www.cecls.eu\/fr\/wp-content\/uploads\/2025\/05\/Capture-decran_31-5-2025_83330_guardint.org_.jpeg?ssl=1\"><img data-recalc-dims=\"1\" loading=\"lazy\" decoding=\"async\" class=\"alignleft wp-image-1399 size-medium\" src=\"https:\/\/i0.wp.com\/www.cecls.eu\/fr\/wp-content\/uploads\/2025\/05\/Capture-decran_31-5-2025_83330_guardint.org_.jpeg?resize=300%2C175&#038;ssl=1\" alt=\"\" width=\"300\" height=\"175\" srcset=\"https:\/\/i0.wp.com\/www.cecls.eu\/fr\/wp-content\/uploads\/2025\/05\/Capture-decran_31-5-2025_83330_guardint.org_.jpeg?resize=300%2C175&amp;ssl=1 300w, https:\/\/i0.wp.com\/www.cecls.eu\/fr\/wp-content\/uploads\/2025\/05\/Capture-decran_31-5-2025_83330_guardint.org_.jpeg?resize=1024%2C597&amp;ssl=1 1024w, https:\/\/i0.wp.com\/www.cecls.eu\/fr\/wp-content\/uploads\/2025\/05\/Capture-decran_31-5-2025_83330_guardint.org_.jpeg?resize=160%2C93&amp;ssl=1 160w, https:\/\/i0.wp.com\/www.cecls.eu\/fr\/wp-content\/uploads\/2025\/05\/Capture-decran_31-5-2025_83330_guardint.org_.jpeg?resize=768%2C448&amp;ssl=1 768w, https:\/\/i0.wp.com\/www.cecls.eu\/fr\/wp-content\/uploads\/2025\/05\/Capture-decran_31-5-2025_83330_guardint.org_.jpeg?resize=820%2C478&amp;ssl=1 820w, https:\/\/i0.wp.com\/www.cecls.eu\/fr\/wp-content\/uploads\/2025\/05\/Capture-decran_31-5-2025_83330_guardint.org_.jpeg?w=1274&amp;ssl=1 1274w\" sizes=\"auto, (max-width: 300px) 100vw, 300px\" \/><\/a><\/p><h3 style=\"text-align: justify\"><\/h3><\/div><\/div><\/div><div class=\"ea-card sp-ea-single\"><h3 class=\"ea-header\"><a class=\"collapsed\" id=\"ea-header-13891\" role=\"button\" data-sptoggle=\"spcollapse\" data-sptarget=\"#collapse13891\" aria-controls=\"collapse13891\" href=\"#\" aria-expanded=\"false\" tabindex=\"0\"><i aria-hidden=\"true\" role=\"presentation\" class=\"ea-expand-icon eap-icon-ea-expand-plus\"><\/i> INEX (2008 - 2011)<\/a><\/h3><div class=\"sp-collapse spcollapse spcollapse\" id=\"collapse13891\" data-parent=\"#sp-ea-1389\" role=\"region\" aria-labelledby=\"ea-header-13891\"> <div class=\"ea-body\"><h3 style=\"text-align: justify\"><strong>Converging and conflicting values in the internal\/external security continuum in Europe<br \/><\/strong><\/h3><p style=\"text-align: justify\">Programme-cadre de recherche europ\u00e9en (FP7) int\u00e9gr\u00e9 de trois ans, <a href=\"http:\/\/www.inexproject.eu\">INEX <\/a>a r\u00e9uni neuf universit\u00e9s et centres de recherche acad\u00e9miques. INEX s\u2019est concentr\u00e9 sur les implications \u00e9thiques et les effets des politiques de s\u00e9curit\u00e9 au sein de l'Union europ\u00e9enne et dans le cadre des relations ext\u00e9rieures avec pays voisins.<\/p><p><a href=\"https:\/\/i0.wp.com\/www.cecls.eu\/fr\/wp-content\/uploads\/2025\/05\/Capture-decran_31-5-2025_83833_cordis.europa.eu_.jpeg?ssl=1\"><img data-recalc-dims=\"1\" loading=\"lazy\" decoding=\"async\" class=\"alignleft wp-image-1400 size-medium\" src=\"https:\/\/i0.wp.com\/www.cecls.eu\/fr\/wp-content\/uploads\/2025\/05\/Capture-decran_31-5-2025_83833_cordis.europa.eu_.jpeg?resize=300%2C183&#038;ssl=1\" alt=\"\" width=\"300\" height=\"183\" srcset=\"https:\/\/i0.wp.com\/www.cecls.eu\/fr\/wp-content\/uploads\/2025\/05\/Capture-decran_31-5-2025_83833_cordis.europa.eu_.jpeg?resize=300%2C183&amp;ssl=1 300w, https:\/\/i0.wp.com\/www.cecls.eu\/fr\/wp-content\/uploads\/2025\/05\/Capture-decran_31-5-2025_83833_cordis.europa.eu_.jpeg?resize=1024%2C626&amp;ssl=1 1024w, https:\/\/i0.wp.com\/www.cecls.eu\/fr\/wp-content\/uploads\/2025\/05\/Capture-decran_31-5-2025_83833_cordis.europa.eu_.jpeg?resize=160%2C98&amp;ssl=1 160w, https:\/\/i0.wp.com\/www.cecls.eu\/fr\/wp-content\/uploads\/2025\/05\/Capture-decran_31-5-2025_83833_cordis.europa.eu_.jpeg?resize=768%2C470&amp;ssl=1 768w, https:\/\/i0.wp.com\/www.cecls.eu\/fr\/wp-content\/uploads\/2025\/05\/Capture-decran_31-5-2025_83833_cordis.europa.eu_.jpeg?resize=820%2C501&amp;ssl=1 820w, https:\/\/i0.wp.com\/www.cecls.eu\/fr\/wp-content\/uploads\/2025\/05\/Capture-decran_31-5-2025_83833_cordis.europa.eu_.jpeg?w=1163&amp;ssl=1 1163w\" sizes=\"auto, (max-width: 300px) 100vw, 300px\" \/><\/a><\/p><\/div><\/div><\/div><div class=\"ea-card sp-ea-single\"><h3 class=\"ea-header\"><a class=\"collapsed\" id=\"ea-header-13892\" role=\"button\" data-sptoggle=\"spcollapse\" data-sptarget=\"#collapse13892\" aria-controls=\"collapse13892\" href=\"#\" aria-expanded=\"false\" tabindex=\"0\"><i aria-hidden=\"true\" role=\"presentation\" class=\"ea-expand-icon eap-icon-ea-expand-plus\"><\/i> EU-CANADA (2007-2009)<\/a><\/h3><div class=\"sp-collapse spcollapse spcollapse\" id=\"collapse13892\" data-parent=\"#sp-ea-1389\" role=\"region\" aria-labelledby=\"ea-header-13892\"> <div class=\"ea-body\"><div id=\"panel-1251-1-1-1\" class=\"so-panel widget widget_sow-editor\" data-index=\"4\" data-style=\"{&quot;background_image_attachment&quot;:false,&quot;background_display&quot;:&quot;tile&quot;,&quot;background_image_size&quot;:&quot;full&quot;,&quot;background_image_opacity&quot;:&quot;100&quot;,&quot;border_thickness&quot;:&quot;1px&quot;}\"><div class=\"so-widget-sow-editor so-widget-sow-editor-base\"><div class=\"siteorigin-widget-tinymce textwidget\"><h3 style=\"text-align: justify\"><strong>The Changing Landscape of Justice and Home Affairs Cooperation in the European Union and EU-Canada Relations<\/strong><\/h3><p style=\"text-align: justify\">Projet financ\u00e9 par la Commission europ\u00e9enne en relation avec le gouvernement canadien, le programme EU-CANADA a r\u00e9uni cinq partenaires europ\u00e9ens et canadiens (CCLS, Universit\u00e9 de Montr\u00e9al, University of Victoria, University of Toronto, Centre for European Policy Studies).<\/p><\/div><\/div><\/div><\/div><\/div><\/div><div class=\"ea-card sp-ea-single\"><h3 class=\"ea-header\"><a class=\"collapsed\" id=\"ea-header-13893\" role=\"button\" data-sptoggle=\"spcollapse\" data-sptarget=\"#collapse13893\" aria-controls=\"collapse13893\" href=\"#\" aria-expanded=\"false\" tabindex=\"0\"><i aria-hidden=\"true\" role=\"presentation\" class=\"ea-expand-icon eap-icon-ea-expand-plus\"><\/i> CHALLENGE (2002-2007)<\/a><\/h3><div class=\"sp-collapse spcollapse spcollapse\" id=\"collapse13893\" data-parent=\"#sp-ea-1389\" role=\"region\" aria-labelledby=\"ea-header-13893\"> <div class=\"ea-body\"><h3><strong>The Changing Landscape of European Liberty and Security<\/strong><\/h3><p style=\"text-align: justify\">Programme-cadre financ\u00e9 par la Commission europ\u00e9enne d\u2019une dur\u00e9e de cinq ans, Le PCRD 6 Challenge a r\u00e9unit vingt-trois universit\u00e9s avec le projet de d\u00e9velopper une analyse critique des questions de libert\u00e9, de s\u00e9curit\u00e9 et de coh\u00e9sion sociale\u00a0au sein de l\u2019Union europ\u00e9enne.<\/p><\/div><\/div><\/div><div class=\"ea-card sp-ea-single\"><h3 class=\"ea-header\"><a class=\"collapsed\" id=\"ea-header-13894\" role=\"button\" data-sptoggle=\"spcollapse\" data-sptarget=\"#collapse13894\" aria-controls=\"collapse13894\" href=\"#\" aria-expanded=\"false\" tabindex=\"0\"><i aria-hidden=\"true\" role=\"presentation\" class=\"ea-expand-icon eap-icon-ea-expand-plus\"><\/i> ELISE (2002-2004)<\/a><\/h3><div class=\"sp-collapse spcollapse spcollapse\" id=\"collapse13894\" data-parent=\"#sp-ea-1389\" role=\"region\" aria-labelledby=\"ea-header-13894\"> <div class=\"ea-body\"><div id=\"pl-1251\" class=\"panel-layout\"><div id=\"pg-1251-1\" class=\"panel-grid panel-no-style\" data-style=\"{&quot;background_image_attachment&quot;:false,&quot;background_display&quot;:&quot;tile&quot;,&quot;background_image_size&quot;:&quot;full&quot;,&quot;background_image_opacity&quot;:&quot;100&quot;,&quot;border_thickness&quot;:&quot;1px&quot;,&quot;full_height&quot;:&quot;&quot;,&quot;cell_alignment&quot;:&quot;flex-start&quot;}\"><div id=\"pgc-1251-1-1\" class=\"panel-grid-cell\" data-weight=\"0.5\"><div id=\"panel-1251-1-1-2\" class=\"so-panel widget widget_sow-editor panel-last-child\" data-index=\"5\" data-style=\"{&quot;background_image_attachment&quot;:false,&quot;background_display&quot;:&quot;tile&quot;,&quot;background_image_size&quot;:&quot;full&quot;,&quot;background_image_opacity&quot;:&quot;100&quot;,&quot;border_thickness&quot;:&quot;1px&quot;}\"><div class=\"so-widget-sow-editor so-widget-sow-editor-base\"><div class=\"siteorigin-widget-tinymce textwidget\"><h3><strong>Libert\u00e9 et S\u00e9curit\u00e9 en Europe<\/strong><\/h3><p style=\"text-align: justify\">Programme FP5 financ\u00e9 par la Commission Europ\u00e9enne, ELISE (European Liberty and Security) s\u2019est int\u00e9ress\u00e9 \u00e0 l\u2019analyse des politiques d\u2019exceptionnalisme et de leurs effets sur la coh\u00e9sion sociale.<\/p><\/div><\/div><\/div><\/div><\/div><\/div><\/div><\/div><\/div><\/div><\/div>\n<\/div>\n<\/div>\n<\/div>\n<\/div>\n<\/div>\n<\/div>\n<p>&nbsp;<\/p>\n","protected":false},"excerpt":{"rendered":"<p>Depuis 2002, CECLS a \u00e9t\u00e9 partenaire dans de nombreux Programmes-cadres de recherche europ\u00e9ens &nbsp;<\/p>\n","protected":false},"author":1,"featured_media":0,"parent":0,"menu_order":0,"comment_status":"closed","ping_status":"closed","template":"","meta":{"_acf_changed":false,"advanced_seo_description":"","jetpack_seo_html_title":"","jetpack_seo_noindex":false,"jetpack_post_was_ever_published":false,"footnotes":""},"class_list":["post-1251","page","type-page","status-publish","hentry"],"acf":[],"jetpack_sharing_enabled":true,"jetpack_shortlink":"https:\/\/wp.me\/P9dRVv-kb","jetpack_likes_enabled":true,"jetpack-related-posts":[],"_links":{"self":[{"href":"https:\/\/www.cecls.eu\/fr\/wp-json\/wp\/v2\/pages\/1251","targetHints":{"allow":["GET"]}}],"collection":[{"href":"https:\/\/www.cecls.eu\/fr\/wp-json\/wp\/v2\/pages"}],"about":[{"href":"https:\/\/www.cecls.eu\/fr\/wp-json\/wp\/v2\/types\/page"}],"author":[{"embeddable":true,"href":"https:\/\/www.cecls.eu\/fr\/wp-json\/wp\/v2\/users\/1"}],"replies":[{"embeddable":true,"href":"https:\/\/www.cecls.eu\/fr\/wp-json\/wp\/v2\/comments?post=1251"}],"version-history":[{"count":31,"href":"https:\/\/www.cecls.eu\/fr\/wp-json\/wp\/v2\/pages\/1251\/revisions"}],"predecessor-version":[{"id":1391,"href":"https:\/\/www.cecls.eu\/fr\/wp-json\/wp\/v2\/pages\/1251\/revisions\/1391"}],"wp:attachment":[{"href":"https:\/\/www.cecls.eu\/fr\/wp-json\/wp\/v2\/media?parent=1251"}],"curies":[{"name":"wp","href":"https:\/\/api.w.org\/{rel}","templated":true}]}}