{"id":1201,"date":"2025-05-07T11:28:06","date_gmt":"2025-05-07T10:28:06","guid":{"rendered":"https:\/\/www.cecls.eu\/fr\/?page_id=1201"},"modified":"2025-05-07T12:03:16","modified_gmt":"2025-05-07T11:03:16","slug":"explosive-politics","status":"publish","type":"page","link":"https:\/\/www.cecls.eu\/fr\/publications\/explosive-politics\/","title":{"rendered":"Explosive Politics"},"content":{"rendered":"<p style=\"text-align: justify;\"><span style=\"color: #000000;\">Etablie en 2019 et publi\u00e9e par Peter Lang (Oxford), la collection <em>Explosive Politics<\/em> explore les limites de la violence politique et des conflits, et examine comment les mots, les actes et les acteurs interagissent dans des situations tumultueuses et des zones grises. Explicitement transdisciplinaire dans son organisation et son orientation, la s\u00e9rie explore les dynamiques sociales, politiques et culturelles contemporaines de la violence et des conflits, dans des perspectives locales, nationales et mondiales. <\/span><span style=\"color: #000000;\">La collection accepte les projets de monographies de recherche et de volumes co\u00e9dit\u00e9s en anglais, en fran\u00e7ais ou en espagnol.<\/span><\/p>\n<h3>Les derniers ouvrages parus dans la collection:<\/h3>\n<p><a href=\"https:\/\/i0.wp.com\/www.cecls.eu\/fr\/wp-content\/uploads\/2025\/05\/large.webp?ssl=1\"><img data-recalc-dims=\"1\" loading=\"lazy\" decoding=\"async\" data-attachment-id=\"1194\" data-permalink=\"https:\/\/www.cecls.eu\/fr\/publications\/large\/\" data-orig-file=\"https:\/\/i0.wp.com\/www.cecls.eu\/fr\/wp-content\/uploads\/2025\/05\/large.webp?fit=664%2C1000&amp;ssl=1\" data-orig-size=\"664,1000\" data-comments-opened=\"1\" data-image-meta=\"{&quot;aperture&quot;:&quot;0&quot;,&quot;credit&quot;:&quot;&quot;,&quot;camera&quot;:&quot;&quot;,&quot;caption&quot;:&quot;&quot;,&quot;created_timestamp&quot;:&quot;0&quot;,&quot;copyright&quot;:&quot;&quot;,&quot;focal_length&quot;:&quot;0&quot;,&quot;iso&quot;:&quot;0&quot;,&quot;shutter_speed&quot;:&quot;0&quot;,&quot;title&quot;:&quot;&quot;,&quot;orientation&quot;:&quot;0&quot;}\" data-image-title=\"large\" data-image-description=\"\" data-image-caption=\"\" data-medium-file=\"https:\/\/i0.wp.com\/www.cecls.eu\/fr\/wp-content\/uploads\/2025\/05\/large.webp?fit=199%2C300&amp;ssl=1\" data-large-file=\"https:\/\/i0.wp.com\/www.cecls.eu\/fr\/wp-content\/uploads\/2025\/05\/large.webp?fit=664%2C1000&amp;ssl=1\" class=\"alignleft size-thumbnail wp-image-1194\" src=\"https:\/\/i0.wp.com\/www.cecls.eu\/fr\/wp-content\/uploads\/2025\/05\/large.webp?resize=160%2C241&#038;ssl=1\" alt=\"\" width=\"160\" height=\"241\" srcset=\"https:\/\/i0.wp.com\/www.cecls.eu\/fr\/wp-content\/uploads\/2025\/05\/large.webp?resize=160%2C241&amp;ssl=1 160w, https:\/\/i0.wp.com\/www.cecls.eu\/fr\/wp-content\/uploads\/2025\/05\/large.webp?resize=199%2C300&amp;ssl=1 199w, https:\/\/i0.wp.com\/www.cecls.eu\/fr\/wp-content\/uploads\/2025\/05\/large.webp?w=664&amp;ssl=1 664w\" sizes=\"auto, (max-width: 160px) 100vw, 160px\" \/><\/a> <a href=\"https:\/\/i0.wp.com\/www.cecls.eu\/fr\/wp-content\/uploads\/2025\/05\/Delori.webp?ssl=1\"><img data-recalc-dims=\"1\" loading=\"lazy\" decoding=\"async\" data-attachment-id=\"1207\" data-permalink=\"https:\/\/www.cecls.eu\/fr\/publications\/explosive-politics\/delori\/\" data-orig-file=\"https:\/\/i0.wp.com\/www.cecls.eu\/fr\/wp-content\/uploads\/2025\/05\/Delori-e1746617164445.webp?fit=199%2C300&amp;ssl=1\" data-orig-size=\"199,300\" data-comments-opened=\"1\" data-image-meta=\"{&quot;aperture&quot;:&quot;0&quot;,&quot;credit&quot;:&quot;&quot;,&quot;camera&quot;:&quot;&quot;,&quot;caption&quot;:&quot;&quot;,&quot;created_timestamp&quot;:&quot;0&quot;,&quot;copyright&quot;:&quot;&quot;,&quot;focal_length&quot;:&quot;0&quot;,&quot;iso&quot;:&quot;0&quot;,&quot;shutter_speed&quot;:&quot;0&quot;,&quot;title&quot;:&quot;&quot;,&quot;orientation&quot;:&quot;0&quot;}\" data-image-title=\"Delori\" data-image-description=\"\" data-image-caption=\"\" data-medium-file=\"https:\/\/i0.wp.com\/www.cecls.eu\/fr\/wp-content\/uploads\/2025\/05\/Delori-e1746617164445.webp?fit=199%2C300&amp;ssl=1\" data-large-file=\"https:\/\/i0.wp.com\/www.cecls.eu\/fr\/wp-content\/uploads\/2025\/05\/Delori-e1746617164445.webp?fit=199%2C300&amp;ssl=1\" class=\"alignleft size-thumbnail wp-image-1207\" src=\"https:\/\/i0.wp.com\/www.cecls.eu\/fr\/wp-content\/uploads\/2025\/05\/Delori.webp?resize=160%2C241&#038;ssl=1\" alt=\"\" width=\"160\" height=\"241\" \/><\/a> <a href=\"https:\/\/i0.wp.com\/www.cecls.eu\/fr\/wp-content\/uploads\/2025\/05\/jankowski.webp?ssl=1\"><img data-recalc-dims=\"1\" loading=\"lazy\" decoding=\"async\" data-attachment-id=\"1208\" data-permalink=\"https:\/\/www.cecls.eu\/fr\/publications\/explosive-politics\/jankowski\/\" data-orig-file=\"https:\/\/i0.wp.com\/www.cecls.eu\/fr\/wp-content\/uploads\/2025\/05\/jankowski.webp?fit=664%2C1000&amp;ssl=1\" data-orig-size=\"664,1000\" data-comments-opened=\"1\" data-image-meta=\"{&quot;aperture&quot;:&quot;0&quot;,&quot;credit&quot;:&quot;&quot;,&quot;camera&quot;:&quot;&quot;,&quot;caption&quot;:&quot;&quot;,&quot;created_timestamp&quot;:&quot;0&quot;,&quot;copyright&quot;:&quot;&quot;,&quot;focal_length&quot;:&quot;0&quot;,&quot;iso&quot;:&quot;0&quot;,&quot;shutter_speed&quot;:&quot;0&quot;,&quot;title&quot;:&quot;&quot;,&quot;orientation&quot;:&quot;0&quot;}\" data-image-title=\"jankowski\" data-image-description=\"\" data-image-caption=\"\" data-medium-file=\"https:\/\/i0.wp.com\/www.cecls.eu\/fr\/wp-content\/uploads\/2025\/05\/jankowski.webp?fit=199%2C300&amp;ssl=1\" data-large-file=\"https:\/\/i0.wp.com\/www.cecls.eu\/fr\/wp-content\/uploads\/2025\/05\/jankowski.webp?fit=664%2C1000&amp;ssl=1\" class=\"alignleft size-thumbnail wp-image-1208\" src=\"https:\/\/i0.wp.com\/www.cecls.eu\/fr\/wp-content\/uploads\/2025\/05\/jankowski.webp?resize=160%2C241&#038;ssl=1\" alt=\"\" width=\"160\" height=\"241\" srcset=\"https:\/\/i0.wp.com\/www.cecls.eu\/fr\/wp-content\/uploads\/2025\/05\/jankowski.webp?resize=160%2C241&amp;ssl=1 160w, https:\/\/i0.wp.com\/www.cecls.eu\/fr\/wp-content\/uploads\/2025\/05\/jankowski.webp?resize=199%2C300&amp;ssl=1 199w, https:\/\/i0.wp.com\/www.cecls.eu\/fr\/wp-content\/uploads\/2025\/05\/jankowski.webp?w=664&amp;ssl=1 664w\" sizes=\"auto, (max-width: 160px) 100vw, 160px\" \/><\/a> <a href=\"https:\/\/i0.wp.com\/www.cecls.eu\/fr\/wp-content\/uploads\/2025\/05\/Tristan.webp?ssl=1\"><img data-recalc-dims=\"1\" loading=\"lazy\" decoding=\"async\" data-attachment-id=\"1209\" data-permalink=\"https:\/\/www.cecls.eu\/fr\/publications\/explosive-politics\/tristan\/\" data-orig-file=\"https:\/\/i0.wp.com\/www.cecls.eu\/fr\/wp-content\/uploads\/2025\/05\/Tristan.webp?fit=664%2C1000&amp;ssl=1\" data-orig-size=\"664,1000\" data-comments-opened=\"1\" data-image-meta=\"{&quot;aperture&quot;:&quot;0&quot;,&quot;credit&quot;:&quot;&quot;,&quot;camera&quot;:&quot;&quot;,&quot;caption&quot;:&quot;&quot;,&quot;created_timestamp&quot;:&quot;0&quot;,&quot;copyright&quot;:&quot;&quot;,&quot;focal_length&quot;:&quot;0&quot;,&quot;iso&quot;:&quot;0&quot;,&quot;shutter_speed&quot;:&quot;0&quot;,&quot;title&quot;:&quot;&quot;,&quot;orientation&quot;:&quot;0&quot;}\" data-image-title=\"Tristan\" data-image-description=\"\" data-image-caption=\"\" data-medium-file=\"https:\/\/i0.wp.com\/www.cecls.eu\/fr\/wp-content\/uploads\/2025\/05\/Tristan.webp?fit=199%2C300&amp;ssl=1\" data-large-file=\"https:\/\/i0.wp.com\/www.cecls.eu\/fr\/wp-content\/uploads\/2025\/05\/Tristan.webp?fit=664%2C1000&amp;ssl=1\" class=\"alignleft size-thumbnail wp-image-1209\" src=\"https:\/\/i0.wp.com\/www.cecls.eu\/fr\/wp-content\/uploads\/2025\/05\/Tristan.webp?resize=160%2C241&#038;ssl=1\" alt=\"\" width=\"160\" height=\"241\" srcset=\"https:\/\/i0.wp.com\/www.cecls.eu\/fr\/wp-content\/uploads\/2025\/05\/Tristan.webp?resize=160%2C241&amp;ssl=1 160w, https:\/\/i0.wp.com\/www.cecls.eu\/fr\/wp-content\/uploads\/2025\/05\/Tristan.webp?resize=199%2C300&amp;ssl=1 199w, https:\/\/i0.wp.com\/www.cecls.eu\/fr\/wp-content\/uploads\/2025\/05\/Tristan.webp?w=664&amp;ssl=1 664w\" sizes=\"auto, (max-width: 160px) 100vw, 160px\" \/><\/a> <a href=\"https:\/\/i0.wp.com\/www.cecls.eu\/fr\/wp-content\/uploads\/2025\/05\/Tsoukala1.webp?ssl=1\"><img data-recalc-dims=\"1\" loading=\"lazy\" decoding=\"async\" data-attachment-id=\"1210\" data-permalink=\"https:\/\/www.cecls.eu\/fr\/publications\/explosive-politics\/tsoukala1\/\" data-orig-file=\"https:\/\/i0.wp.com\/www.cecls.eu\/fr\/wp-content\/uploads\/2025\/05\/Tsoukala1.webp?fit=659%2C1000&amp;ssl=1\" data-orig-size=\"659,1000\" data-comments-opened=\"1\" data-image-meta=\"{&quot;aperture&quot;:&quot;0&quot;,&quot;credit&quot;:&quot;&quot;,&quot;camera&quot;:&quot;&quot;,&quot;caption&quot;:&quot;&quot;,&quot;created_timestamp&quot;:&quot;0&quot;,&quot;copyright&quot;:&quot;&quot;,&quot;focal_length&quot;:&quot;0&quot;,&quot;iso&quot;:&quot;0&quot;,&quot;shutter_speed&quot;:&quot;0&quot;,&quot;title&quot;:&quot;&quot;,&quot;orientation&quot;:&quot;0&quot;}\" data-image-title=\"Tsoukala1\" data-image-description=\"\" data-image-caption=\"\" data-medium-file=\"https:\/\/i0.wp.com\/www.cecls.eu\/fr\/wp-content\/uploads\/2025\/05\/Tsoukala1.webp?fit=198%2C300&amp;ssl=1\" data-large-file=\"https:\/\/i0.wp.com\/www.cecls.eu\/fr\/wp-content\/uploads\/2025\/05\/Tsoukala1.webp?fit=659%2C1000&amp;ssl=1\" class=\"alignleft size-thumbnail wp-image-1210\" src=\"https:\/\/i0.wp.com\/www.cecls.eu\/fr\/wp-content\/uploads\/2025\/05\/Tsoukala1.webp?resize=160%2C243&#038;ssl=1\" alt=\"\" width=\"160\" height=\"243\" srcset=\"https:\/\/i0.wp.com\/www.cecls.eu\/fr\/wp-content\/uploads\/2025\/05\/Tsoukala1.webp?resize=160%2C243&amp;ssl=1 160w, https:\/\/i0.wp.com\/www.cecls.eu\/fr\/wp-content\/uploads\/2025\/05\/Tsoukala1.webp?resize=198%2C300&amp;ssl=1 198w, https:\/\/i0.wp.com\/www.cecls.eu\/fr\/wp-content\/uploads\/2025\/05\/Tsoukala1.webp?w=659&amp;ssl=1 659w\" sizes=\"auto, (max-width: 160px) 100vw, 160px\" \/><\/a><\/p>\n<p>&nbsp;<\/p>\n","protected":false},"excerpt":{"rendered":"<p>Etablie en 2019 et publi\u00e9e par Peter Lang (Oxford), la collection Explosive Politics explore les limites de la violence politique [&hellip;]<\/p>\n","protected":false},"author":1,"featured_media":0,"parent":502,"menu_order":0,"comment_status":"closed","ping_status":"closed","template":"page-templates\/page_fullwidth.php","meta":{"_acf_changed":false,"advanced_seo_description":"","jetpack_seo_html_title":"","jetpack_seo_noindex":false,"jetpack_post_was_ever_published":false,"footnotes":""},"class_list":["post-1201","page","type-page","status-publish","hentry"],"acf":[],"jetpack_sharing_enabled":true,"jetpack_shortlink":"https:\/\/wp.me\/P9dRVv-jn","jetpack_likes_enabled":true,"jetpack-related-posts":[],"_links":{"self":[{"href":"https:\/\/www.cecls.eu\/fr\/wp-json\/wp\/v2\/pages\/1201","targetHints":{"allow":["GET"]}}],"collection":[{"href":"https:\/\/www.cecls.eu\/fr\/wp-json\/wp\/v2\/pages"}],"about":[{"href":"https:\/\/www.cecls.eu\/fr\/wp-json\/wp\/v2\/types\/page"}],"author":[{"embeddable":true,"href":"https:\/\/www.cecls.eu\/fr\/wp-json\/wp\/v2\/users\/1"}],"replies":[{"embeddable":true,"href":"https:\/\/www.cecls.eu\/fr\/wp-json\/wp\/v2\/comments?post=1201"}],"version-history":[{"count":7,"href":"https:\/\/www.cecls.eu\/fr\/wp-json\/wp\/v2\/pages\/1201\/revisions"}],"predecessor-version":[{"id":1219,"href":"https:\/\/www.cecls.eu\/fr\/wp-json\/wp\/v2\/pages\/1201\/revisions\/1219"}],"up":[{"embeddable":true,"href":"https:\/\/www.cecls.eu\/fr\/wp-json\/wp\/v2\/pages\/502"}],"wp:attachment":[{"href":"https:\/\/www.cecls.eu\/fr\/wp-json\/wp\/v2\/media?parent=1201"}],"curies":[{"name":"wp","href":"https:\/\/api.w.org\/{rel}","templated":true}]}}