{"id":621,"date":"2025-07-21T16:11:51","date_gmt":"2025-07-21T15:11:51","guid":{"rendered":"https:\/\/www.cecls.eu\/en\/?page_id=621"},"modified":"2025-07-21T18:23:26","modified_gmt":"2025-07-21T17:23:26","slug":"the-journal-p-a-r-i-s-s-political-anthropological-research-on-international-social-sciences","status":"publish","type":"page","link":"http:\/\/www.cecls.eu\/en\/the-journal-p-a-r-i-s-s-political-anthropological-research-on-international-social-sciences\/","title":{"rendered":"The journal P.A.R.I.S.S. (Political Anthropological Research on International Social Sciences)"},"content":{"rendered":"<div id=\"pl-621\"  class=\"panel-layout\" ><div id=\"pg-621-0\"  class=\"panel-grid panel-no-style\" ><div id=\"pgc-621-0-0\"  class=\"panel-grid-cell\" ><div id=\"panel-621-0-0-0\" class=\"so-panel widget widget_sow-editor panel-first-child panel-last-child\" data-index=\"0\" ><div\n\t\t\t\n\t\t\tclass=\"so-widget-sow-editor so-widget-sow-editor-base\"\n\t\t\t\n\t\t>\n<div class=\"siteorigin-widget-tinymce textwidget\">\n\t<p style=\"text-align: justify;\"><span style=\"color: #000000;\">(PARISS) is a biannual journal published by Brill in cooperation with the Centre for Conflict, Liberty and Security (CECLS). PARISS aims to promote plurality of thought, research and writing in order to provide a publishing space for contemporary social science authors from regions other than the Anglosphere. The journal encourages contributions that transcend disciplines, academic cultures, and writing styles.<\/span><\/p>\n<p style=\"text-align: justify;\"><span style=\"color: #000000;\">PARISS accepts articles written by one to three authors of between 7,000 and 11,000 words (including notes), as well as collective texts of between 10,000 and 25,000 words (including notes) by more than three authors. The journal also accepts book reviews, interviews, commentaries and shorter methodological articles of up to 5,000 words.<\/span><\/p>\n<p style=\"text-align: justify;\"><span style=\"color: #000000;\">Subjects\/areas of interest: Social sciences, international relations, global studies, sociology, anthropology, transdisciplinary approaches and arts and humanities.<\/span><\/p>\n<p><span style=\"color: #000000;\">Periodicity: 2 issues per year<\/span><\/p>\n<p><span style=\"color: #000000;\">Language: English<\/span><\/p>\n<p><span style=\"color: #000000;\">ISSN: 2590-3276<\/span><\/p>\n<p><span style=\"color: #000000;\">Contact the journal at <\/span><a href=\"mailto:parisseditorial@gmail.com\"><span style=\"color: #000000;\">parisseditorial@gmail.com<\/span><\/a><\/p>\n<p>&nbsp;<\/p>\n<\/div>\n<\/div><\/div><\/div><\/div><div id=\"pg-621-1\"  class=\"panel-grid panel-no-style\" ><div id=\"pgc-621-1-0\"  class=\"panel-grid-cell\" ><div id=\"panel-621-1-0-0\" class=\"so-panel widget widget_sow-image panel-first-child panel-last-child\" data-index=\"1\" ><div\n\t\t\t\n\t\t\tclass=\"so-widget-sow-image so-widget-sow-image-default-4e6925654b7a-621\"\n\t\t\t\n\t\t>\n<div class=\"sow-image-container\">\n\t\t\t<a href=\"https:\/\/brill.com\/view\/journals\/pari\/pari-overview.xml?srsltid=AfmBOorTKvOSyuh3IvvLyIwvafsO-RMUTaEf1kTjwa8R9S2AskAiM8ev\"\n\t\t\t\t\t>\n\t\t\t<img \n\tsrc=\"http:\/\/www.cecls.eu\/en\/wp-content\/uploads\/2025\/07\/coverimage.webp\" width=\"200\" height=\"304\" srcset=\"http:\/\/www.cecls.eu\/en\/wp-content\/uploads\/2025\/07\/coverimage.webp 200w, http:\/\/www.cecls.eu\/en\/wp-content\/uploads\/2025\/07\/coverimage-197x300.webp 197w, http:\/\/www.cecls.eu\/en\/wp-content\/uploads\/2025\/07\/coverimage-160x243.webp 160w\" sizes=\"(max-width: 200px) 100vw, 200px\" alt=\"\" \t\tclass=\"so-widget-image\"\/>\n\t\t\t<\/a><\/div>\n\n<\/div><\/div><\/div><div id=\"pgc-621-1-1\"  class=\"panel-grid-cell\" ><div id=\"panel-621-1-1-0\" class=\"so-panel widget widget_sow-editor panel-first-child panel-last-child\" data-index=\"2\" ><div\n\t\t\t\n\t\t\tclass=\"so-widget-sow-editor so-widget-sow-editor-base\"\n\t\t\t\n\t\t>\n<div class=\"siteorigin-widget-tinymce textwidget\">\n\t<h3><span style=\"color: #003366;\">Editors<\/span><\/h3>\n<p><span style=\"color: #000000;\">Didier Bigo, Sciences Po, Paris (France)<\/span><\/p>\n<p><span style=\"color: #000000;\">\u00c1kos Kopper, E\u00f6tv\u00f6s Lor\u00e1nd University (ELTE) (Hungary)<\/span><\/p>\n<p><span style=\"color: #000000;\">Ivan Manokha, University of Oxford (UK)<\/span><\/p>\n<p><span style=\"color: #000000;\">Emma McCluskey, University of Westminster (UK)<\/span><\/p>\n<p><a href=\"https:\/\/brill.com\/view\/journals\/pari\/pari-overview.xml?srsltid=AfmBOorTKvOSyuh3IvvLyIwvafsO-RMUTaEf1kTjwa8R9S2AskAiM8ev\"><img loading=\"lazy\" decoding=\"async\" class=\"alignnone wp-image-659 size-thumbnail\" src=\"http:\/\/www.cecls.eu\/en\/wp-content\/uploads\/2025\/07\/logo-brill-300x100-transparent-desktop-160x53.png\" alt=\"\" width=\"160\" height=\"53\" srcset=\"http:\/\/www.cecls.eu\/en\/wp-content\/uploads\/2025\/07\/logo-brill-300x100-transparent-desktop-160x53.png 160w, http:\/\/www.cecls.eu\/en\/wp-content\/uploads\/2025\/07\/logo-brill-300x100-transparent-desktop.png 300w\" sizes=\"auto, (max-width: 160px) 100vw, 160px\" \/><\/a><\/p>\n<\/div>\n<\/div><\/div><\/div><\/div><\/div>","protected":false},"excerpt":{"rendered":"<p>(PARISS) is a biannual journal published by Brill in cooperation with the Centre for Conflict, Liberty and Security (CECLS). PARISS [&hellip;]<\/p>\n","protected":false},"author":1,"featured_media":0,"parent":0,"menu_order":0,"comment_status":"closed","ping_status":"closed","template":"","meta":{"_acf_changed":false,"om_disable_all_campaigns":false,"_monsterinsights_skip_tracking":false,"_monsterinsights_sitenote_active":false,"_monsterinsights_sitenote_note":"","_monsterinsights_sitenote_category":0,"footnotes":""},"class_list":["post-621","page","type-page","status-publish","hentry"],"acf":[],"_links":{"self":[{"href":"http:\/\/www.cecls.eu\/en\/wp-json\/wp\/v2\/pages\/621","targetHints":{"allow":["GET"]}}],"collection":[{"href":"http:\/\/www.cecls.eu\/en\/wp-json\/wp\/v2\/pages"}],"about":[{"href":"http:\/\/www.cecls.eu\/en\/wp-json\/wp\/v2\/types\/page"}],"author":[{"embeddable":true,"href":"http:\/\/www.cecls.eu\/en\/wp-json\/wp\/v2\/users\/1"}],"replies":[{"embeddable":true,"href":"http:\/\/www.cecls.eu\/en\/wp-json\/wp\/v2\/comments?post=621"}],"version-history":[{"count":5,"href":"http:\/\/www.cecls.eu\/en\/wp-json\/wp\/v2\/pages\/621\/revisions"}],"predecessor-version":[{"id":662,"href":"http:\/\/www.cecls.eu\/en\/wp-json\/wp\/v2\/pages\/621\/revisions\/662"}],"wp:attachment":[{"href":"http:\/\/www.cecls.eu\/en\/wp-json\/wp\/v2\/media?parent=621"}],"curies":[{"name":"wp","href":"https:\/\/api.w.org\/{rel}","templated":true}]}}