{"id":13,"date":"2013-01-23T11:24:32","date_gmt":"2013-01-23T10:24:32","guid":{"rendered":"http:\/\/localhost\/wordpress-aurelien\/?page_id=13"},"modified":"2025-07-23T09:16:15","modified_gmt":"2025-07-23T08:16:15","slug":"cultures-and-conflits","status":"publish","type":"page","link":"http:\/\/www.cecls.eu\/en\/cultures-and-conflits\/","title":{"rendered":"Cultures &#038; Conflits: Sociology, Politics, International"},"content":{"rendered":"<div id=\"pl-13\"  class=\"panel-layout\" ><div id=\"pg-13-0\"  class=\"panel-grid panel-no-style\" ><div id=\"pgc-13-0-0\"  class=\"panel-grid-cell\" ><div id=\"panel-13-0-0-0\" class=\"so-panel widget widget_sow-slider panel-first-child panel-last-child\" data-index=\"0\" ><div\n\t\t\t\n\t\t\tclass=\"so-widget-sow-slider so-widget-sow-slider-default-d085587e6d43-13\"\n\t\t\t\n\t\t>\t\t\t\t<div class=\"sow-slider-base\" style=\"display: none\" tabindex=\"0\">\n\t\t\t\t\t<ul\n\t\t\t\t\tclass=\"sow-slider-images\"\n\t\t\t\t\tdata-settings=\"{&quot;pagination&quot;:true,&quot;speed&quot;:400,&quot;timeout&quot;:8000,&quot;paused&quot;:false,&quot;pause_on_hover&quot;:false,&quot;swipe&quot;:true,&quot;nav_always_show_desktop&quot;:&quot;&quot;,&quot;nav_always_show_mobile&quot;:&quot;&quot;,&quot;breakpoint&quot;:&quot;780px&quot;,&quot;unmute&quot;:false,&quot;anchor&quot;:null}\"\n\t\t\t\t\t\t\t\t\t\tdata-anchor-id=\"\"\n\t\t\t\t>\t\t<li class=\"sow-slider-image\" style=\"visibility: visible;\" >\n\t\t\t\t\t\t<img loading=\"lazy\" decoding=\"async\" width=\"315\" height=\"480\" src=\"http:\/\/www.cecls.eu\/en\/wp-content\/uploads\/2025\/07\/couv_c_c_137-small480.jpg\" class=\"sow-slider-background-image\" alt=\"\" style=\"height: 400px; width: auto; margin: 0 auto;\" srcset=\"http:\/\/www.cecls.eu\/en\/wp-content\/uploads\/2025\/07\/couv_c_c_137-small480.jpg 315w, http:\/\/www.cecls.eu\/en\/wp-content\/uploads\/2025\/07\/couv_c_c_137-small480-197x300.jpg 197w, http:\/\/www.cecls.eu\/en\/wp-content\/uploads\/2025\/07\/couv_c_c_137-small480-160x244.jpg 160w\" sizes=\"auto, (max-width: 315px) 100vw, 315px\" \/>\t\t<\/li>\n\t\t\t\t<li class=\"sow-slider-image\" style=\"visibility: hidden;\" >\n\t\t\t\t\t\t<img loading=\"lazy\" decoding=\"async\" width=\"310\" height=\"480\" src=\"http:\/\/www.cecls.eu\/en\/wp-content\/uploads\/2025\/07\/couv_135_136-small480.jpg\" class=\"sow-slider-background-image\" alt=\"\" style=\"height: 400px; width: auto; margin: 0 auto;\" srcset=\"http:\/\/www.cecls.eu\/en\/wp-content\/uploads\/2025\/07\/couv_135_136-small480.jpg 310w, http:\/\/www.cecls.eu\/en\/wp-content\/uploads\/2025\/07\/couv_135_136-small480-194x300.jpg 194w, http:\/\/www.cecls.eu\/en\/wp-content\/uploads\/2025\/07\/couv_135_136-small480-160x248.jpg 160w\" sizes=\"auto, (max-width: 310px) 100vw, 310px\" \/>\t\t<\/li>\n\t\t\t\t<li class=\"sow-slider-image\" style=\"visibility: hidden;\" >\n\t\t\t\t\t\t<img loading=\"lazy\" decoding=\"async\" width=\"314\" height=\"480\" src=\"http:\/\/www.cecls.eu\/en\/wp-content\/uploads\/2025\/07\/couv_134-small480.jpg\" class=\"sow-slider-background-image\" alt=\"\" style=\"height: 400px; width: auto; margin: 0 auto;\" srcset=\"http:\/\/www.cecls.eu\/en\/wp-content\/uploads\/2025\/07\/couv_134-small480.jpg 314w, http:\/\/www.cecls.eu\/en\/wp-content\/uploads\/2025\/07\/couv_134-small480-196x300.jpg 196w, http:\/\/www.cecls.eu\/en\/wp-content\/uploads\/2025\/07\/couv_134-small480-160x245.jpg 160w\" sizes=\"auto, (max-width: 314px) 100vw, 314px\" \/>\t\t<\/li>\n\t\t\t\t<li class=\"sow-slider-image\" style=\"visibility: hidden;\" >\n\t\t\t\t\t\t<img loading=\"lazy\" decoding=\"async\" width=\"314\" height=\"480\" src=\"http:\/\/www.cecls.eu\/en\/wp-content\/uploads\/2025\/07\/couv133-small480.jpg\" class=\"sow-slider-background-image\" alt=\"\" style=\"height: 400px; width: auto; margin: 0 auto;\" srcset=\"http:\/\/www.cecls.eu\/en\/wp-content\/uploads\/2025\/07\/couv133-small480.jpg 314w, http:\/\/www.cecls.eu\/en\/wp-content\/uploads\/2025\/07\/couv133-small480-196x300.jpg 196w, http:\/\/www.cecls.eu\/en\/wp-content\/uploads\/2025\/07\/couv133-small480-160x245.jpg 160w\" sizes=\"auto, (max-width: 314px) 100vw, 314px\" \/>\t\t<\/li>\n\t\t\t\t<li class=\"sow-slider-image\" style=\"visibility: hidden;\" >\n\t\t\t\t\t\t<img loading=\"lazy\" decoding=\"async\" width=\"313\" height=\"480\" src=\"http:\/\/www.cecls.eu\/en\/wp-content\/uploads\/2025\/07\/couv_c_c_131_132-small480.jpg\" class=\"sow-slider-background-image\" alt=\"\" style=\"height: 400px; width: auto; margin: 0 auto;\" srcset=\"http:\/\/www.cecls.eu\/en\/wp-content\/uploads\/2025\/07\/couv_c_c_131_132-small480.jpg 313w, http:\/\/www.cecls.eu\/en\/wp-content\/uploads\/2025\/07\/couv_c_c_131_132-small480-196x300.jpg 196w, http:\/\/www.cecls.eu\/en\/wp-content\/uploads\/2025\/07\/couv_c_c_131_132-small480-160x245.jpg 160w\" sizes=\"auto, (max-width: 313px) 100vw, 313px\" \/>\t\t<\/li>\n\t\t\t\t<li class=\"sow-slider-image\" style=\"visibility: hidden;\" >\n\t\t\t\t\t\t<img loading=\"lazy\" decoding=\"async\" width=\"441\" height=\"680\" src=\"http:\/\/www.cecls.eu\/en\/wp-content\/uploads\/2025\/07\/c_c_130.jpg\" class=\"sow-slider-background-image\" alt=\"\" style=\"height: 400px; width: auto; margin: 0 auto;\" srcset=\"http:\/\/www.cecls.eu\/en\/wp-content\/uploads\/2025\/07\/c_c_130.jpg 441w, http:\/\/www.cecls.eu\/en\/wp-content\/uploads\/2025\/07\/c_c_130-195x300.jpg 195w, http:\/\/www.cecls.eu\/en\/wp-content\/uploads\/2025\/07\/c_c_130-160x247.jpg 160w\" sizes=\"auto, (max-width: 441px) 100vw, 441px\" \/>\t\t<\/li>\n\t\t\t\t<li class=\"sow-slider-image\" style=\"visibility: hidden;\" >\n\t\t\t\t\t\t<img loading=\"lazy\" decoding=\"async\" width=\"444\" height=\"677\" src=\"http:\/\/www.cecls.eu\/en\/wp-content\/uploads\/2025\/07\/couv_129.jpg\" class=\"sow-slider-background-image\" alt=\"\" style=\"height: 400px; width: auto; margin: 0 auto;\" srcset=\"http:\/\/www.cecls.eu\/en\/wp-content\/uploads\/2025\/07\/couv_129.jpg 444w, http:\/\/www.cecls.eu\/en\/wp-content\/uploads\/2025\/07\/couv_129-197x300.jpg 197w, http:\/\/www.cecls.eu\/en\/wp-content\/uploads\/2025\/07\/couv_129-160x244.jpg 160w\" sizes=\"auto, (max-width: 444px) 100vw, 444px\" \/>\t\t<\/li>\n\t\t\t\t<li class=\"sow-slider-image\" style=\"visibility: hidden;\" >\n\t\t\t\t\t\t<img loading=\"lazy\" decoding=\"async\" width=\"443\" height=\"682\" src=\"http:\/\/www.cecls.eu\/en\/wp-content\/uploads\/2025\/07\/couv_c_c_127_128.jpg\" class=\"sow-slider-background-image\" alt=\"\" style=\"height: 400px; width: auto; margin: 0 auto;\" srcset=\"http:\/\/www.cecls.eu\/en\/wp-content\/uploads\/2025\/07\/couv_c_c_127_128.jpg 443w, http:\/\/www.cecls.eu\/en\/wp-content\/uploads\/2025\/07\/couv_c_c_127_128-195x300.jpg 195w, http:\/\/www.cecls.eu\/en\/wp-content\/uploads\/2025\/07\/couv_c_c_127_128-160x246.jpg 160w\" sizes=\"auto, (max-width: 443px) 100vw, 443px\" \/>\t\t<\/li>\n\t\t<\/ul>\t\t\t\t<ol class=\"sow-slider-pagination\">\n\t\t\t\t\t\t\t\t\t\t\t<li><a href=\"#\" data-goto=\"0\" aria-label=\"Display slide 1\"><\/a><\/li>\n\t\t\t\t\t\t\t\t\t\t\t<li><a href=\"#\" data-goto=\"1\" aria-label=\"Display slide 2\"><\/a><\/li>\n\t\t\t\t\t\t\t\t\t\t\t<li><a href=\"#\" data-goto=\"2\" aria-label=\"Display slide 3\"><\/a><\/li>\n\t\t\t\t\t\t\t\t\t\t\t<li><a href=\"#\" data-goto=\"3\" aria-label=\"Display slide 4\"><\/a><\/li>\n\t\t\t\t\t\t\t\t\t\t\t<li><a href=\"#\" data-goto=\"4\" aria-label=\"Display slide 5\"><\/a><\/li>\n\t\t\t\t\t\t\t\t\t\t\t<li><a href=\"#\" data-goto=\"5\" aria-label=\"Display slide 6\"><\/a><\/li>\n\t\t\t\t\t\t\t\t\t\t\t<li><a href=\"#\" data-goto=\"6\" aria-label=\"Display slide 7\"><\/a><\/li>\n\t\t\t\t\t\t\t\t\t\t\t<li><a href=\"#\" data-goto=\"7\" aria-label=\"Display slide 8\"><\/a><\/li>\n\t\t\t\t\t\t\t\t\t<\/ol>\n\n\t\t\t\t<div class=\"sow-slide-nav sow-slide-nav-next\">\n\t\t\t\t\t<a href=\"#\" data-goto=\"next\" aria-label=\"Next slide\" data-action=\"next\">\n\t\t\t\t\t\t<em class=\"sow-sld-icon-thin-right\"><\/em>\n\t\t\t\t\t<\/a>\n\t\t\t\t<\/div>\n\n\t\t\t\t<div class=\"sow-slide-nav sow-slide-nav-prev\">\n\t\t\t\t\t<a href=\"#\" data-goto=\"previous\" aria-label=\"Previous slide\" data-action=\"prev\">\n\t\t\t\t\t\t<em class=\"sow-sld-icon-thin-left\"><\/em>\n\t\t\t\t\t<\/a>\n\t\t\t\t<\/div>\n\t\t\t\t<\/div><\/div><\/div><\/div><div id=\"pgc-13-0-1\"  class=\"panel-grid-cell\" ><div id=\"panel-13-0-1-0\" class=\"so-panel widget widget_sow-editor panel-first-child panel-last-child\" data-index=\"1\" ><div\n\t\t\t\n\t\t\tclass=\"so-widget-sow-editor so-widget-sow-editor-base\"\n\t\t\t\n\t\t>\n<div class=\"siteorigin-widget-tinymce textwidget\">\n\t<p style=\"text-align: justify;\"><span style=\"color: #000000; font-family: tahoma, arial, helvetica, sans-serif;\">Since 1990, <em>Cultures &amp; Conflits<\/em> has been a quarterly thematic journal exploring the relationship between Sociology, Political Studies, Anthropology and the dimensions of the International (inter-state, global, technological, transversal) that require the rethinking of the traditional frameworks of Political Science, Classical International Relations and Polemology.\u00a0 The journal aims to analyse the various manifestations of conflict in all its forms, including deterrence, war, revolution, state repression, and other types of violence categorised as 'terrorism', 'mafia crime', or 'urban riots'. It also examines the more subtle yet tangible aspects of post-colonial situations, the acceptance of socio-economic domination, and symbolic violence.<\/span><\/p>\n<p style=\"text-align: justify;\"><span style=\"font-family: tahoma, arial, helvetica, sans-serif; color: #000000;\">The Centre encourages the publication of articles by authors from different disciplines, languages and stylistic traditions. The Centre assists English and Spanish speakers in reaching a French-speaking audience by translating their articles for Cultures &amp; Conflits. Conversely, it promotes French-speaking Cultures &amp; Conflits authors by offering them outlets in its English-language publications.<\/span><\/p>\n<\/div>\n<\/div><\/div><\/div><\/div><div id=\"pg-13-1\"  class=\"panel-grid panel-no-style\" ><div id=\"pgc-13-1-0\"  class=\"panel-grid-cell\" ><div id=\"panel-13-1-0-0\" class=\"so-panel widget widget_sow-editor panel-first-child panel-last-child\" data-index=\"2\" ><div\n\t\t\t\n\t\t\tclass=\"so-widget-sow-editor so-widget-sow-editor-base\"\n\t\t\t\n\t\t>\n<div class=\"siteorigin-widget-tinymce textwidget\">\n\t<h3><span style=\"color: #003366;\">Contacts &amp; information<\/span><\/h3>\n<p><span style=\"font-family: tahoma, arial, helvetica, sans-serif; color: #000000;\">Director of publication: Emmanuel-Pierre Guittet<\/span><\/p>\n<p><span style=\"font-family: tahoma, arial, helvetica, sans-serif; color: #000000;\">Editors: Anthony Amicelle, Marie-Laure Basilien-Gainche, Didier Bigo, Laurent Bonelli, Mathias Delori, Miriam P\u00e9rier, Julien Pomarede, Anastassia Tsoukala and J\u00e9r\u00f4me Valluy.<\/span><\/p>\n<p><span style=\"font-family: tahoma, arial, helvetica, sans-serif; color: #000000;\">Editorial secretariat: Antonia Garcia Castro and Karel Yon<\/span><\/p>\n<p style=\"text-align: justify;\">\n<\/div>\n<\/div><\/div><\/div><div id=\"pgc-13-1-1\"  class=\"panel-grid-cell\" ><div id=\"panel-13-1-1-0\" class=\"so-panel widget widget_sow-editor panel-first-child panel-last-child\" data-index=\"3\" ><div\n\t\t\t\n\t\t\tclass=\"so-widget-sow-editor so-widget-sow-editor-base\"\n\t\t\t\n\t\t>\n<div class=\"siteorigin-widget-tinymce textwidget\">\n\t<h3 style=\"text-align: justify;\"><span style=\"color: #003366;\">Publication protocol<\/span><\/h3>\n<p style=\"text-align: justify;\"><span style=\"color: #000000; font-family: tahoma, arial, helvetica, sans-serif;\">Since its establishment in 1990, the journal's editorial team has employed a rigorous and meticulous peer review system involving double anonymous evaluation.<\/span><\/p>\n<p style=\"text-align: justify;\"><span style=\"color: #000000; font-family: tahoma, arial, helvetica, sans-serif;\">Frequency: 4 issues per year<\/span><\/p>\n<p style=\"text-align: justify;\"><span style=\"color: #000000; font-family: tahoma, arial, helvetica, sans-serif;\">ISSN: 1157-996X<\/span><\/p>\n<p style=\"text-align: justify;\"><span style=\"color: #000000; font-family: tahoma, arial, helvetica, sans-serif;\">ISSN online: 1777-5345<\/span><\/p>\n<p style=\"text-align: justify;\"><span style=\"color: #000000; font-family: tahoma, arial, helvetica, sans-serif;\">Articles are published under a Creative Commons Attribution-NonCommercial-NoDerivatives 4.0 International licence (CC BY-NC-ND 4.0).<\/span><\/p>\n<\/div>\n<\/div><\/div><\/div><\/div><\/div>","protected":false},"excerpt":{"rendered":"<p>Since 1990, Cultures &amp; Conflits has been a quarterly thematic journal exploring the relationship between Sociology, Political Studies, Anthropology and [&hellip;]<\/p>\n","protected":false},"author":1,"featured_media":0,"parent":0,"menu_order":0,"comment_status":"open","ping_status":"open","template":"","meta":{"_acf_changed":false,"om_disable_all_campaigns":false,"_monsterinsights_skip_tracking":false,"_monsterinsights_sitenote_active":false,"_monsterinsights_sitenote_note":"","_monsterinsights_sitenote_category":0,"footnotes":""},"class_list":["post-13","page","type-page","status-publish","hentry"],"acf":[],"_links":{"self":[{"href":"http:\/\/www.cecls.eu\/en\/wp-json\/wp\/v2\/pages\/13","targetHints":{"allow":["GET"]}}],"collection":[{"href":"http:\/\/www.cecls.eu\/en\/wp-json\/wp\/v2\/pages"}],"about":[{"href":"http:\/\/www.cecls.eu\/en\/wp-json\/wp\/v2\/types\/page"}],"author":[{"embeddable":true,"href":"http:\/\/www.cecls.eu\/en\/wp-json\/wp\/v2\/users\/1"}],"replies":[{"embeddable":true,"href":"http:\/\/www.cecls.eu\/en\/wp-json\/wp\/v2\/comments?post=13"}],"version-history":[{"count":35,"href":"http:\/\/www.cecls.eu\/en\/wp-json\/wp\/v2\/pages\/13\/revisions"}],"predecessor-version":[{"id":746,"href":"http:\/\/www.cecls.eu\/en\/wp-json\/wp\/v2\/pages\/13\/revisions\/746"}],"wp:attachment":[{"href":"http:\/\/www.cecls.eu\/en\/wp-json\/wp\/v2\/media?parent=13"}],"curies":[{"name":"wp","href":"https:\/\/api.w.org\/{rel}","templated":true}]}}